{"id":109,"date":"2022-08-30T18:20:09","date_gmt":"2022-08-30T16:20:09","guid":{"rendered":"https:\/\/su-meschede.de\/willkommen\/?page_id=109"},"modified":"2024-07-31T17:27:13","modified_gmt":"2024-07-31T15:27:13","slug":"reisen","status":"publish","type":"page","link":"https:\/\/su-meschede.de\/willkommen\/reisen\/","title":{"rendered":"Reisen"},"content":{"rendered":"<p>ngg_shortcode_0_placeholder<strong>&nbsp;<\/strong><\/p>\n<h2><strong>Studienreisen der CDU Senioren-Union Meschede<\/strong><\/h2>\n<p>Schon viele Jahre gibt es das Angebot unserer Studienfahrten f\u00fcr die Mitglieder der Senioren-Union und f\u00fcr interessierte B\u00fcrgerinnen und B\u00fcrger unserer Stadt. Immer in der Woche nach Fronleichnam hei\u00dft es: Wir starten und gehen auf Reise!<\/p>\n<p>Unsere Ziele waren Trier, Berlin, Erfurt und Weimar, W\u00fcrzburg und Bamberg, Neustadt und Heidelberg, Schleswig, G\u00f6rlitz und Breslau, N\u00fcrnberg und Regensburg, Freiburg und Stra\u00dfburg, Wismar und Rostock, Bremen und Bremerhaven und in diesem Jahr Fulda und die Rh\u00f6n.<\/p>\n<p>In der Vorbereitung sind Marianne und Heinz Arenh\u00f6vel unterwegs, besuchen die Stadt, organisieren Stadtf\u00fchrungen und erkunden lohnenswerte Ziele aus. Wichtig ist den beiden Planern auch ein m\u00f6glichst barrierefreies Hotel mitten in der Stadt. So sind auch abends individuelle Stadtrundg\u00e4nge und kleine Ausfl\u00fcge m\u00f6glich.<\/p>\n<p>Oft sind auch Begegnungen mit Abgeordneten und B\u00fcrgermeistern eingeplant. So kommen das politische Gespr\u00e4ch und der Austausch untereinander nicht zu kurz.<\/p>\n<p>Zum Jahresende treffen wir uns, halten R\u00fcckschau und blicken ins neue Jahr, um dann wieder eine neue Deutschlandreise zu planen.<\/p>\n<p>Eindr\u00fccke von unserer Reise nach <strong>Fulda 2022<\/strong> geben einige Bilder, die Elmar Kr\u00e4mer gemacht hat.<\/p>\n<hr>\n<h3><strong>Senioren-Union Meschede in Aachen, Maastricht und Monschau<\/strong><\/h3>\n<p><strong><em>Bericht von Elmar Kr\u00e4mer \u00fcber die Fahrt vom 12.06. &#8211;&nbsp; 15.06.2023 ( 4 Tage )<\/em><\/strong><\/p>\n<p><strong>Meschede<\/strong>. \u201eSo gro\u00df und weitr\u00e4umig hatte ich mir das Hambacher Braunkohlenrevier mit dem Tageabbau nicht vorgestellt\u201c \u00e4u\u00dferten sich die Teilnehmer der diesj\u00e4hrigen Studienfahrt der CDU Senioren-Union Meschede bei dem Zwischenstopp am Rande des Hambacher Forst.<\/p>\n<p>Ein besonderes Erlebnis f\u00fcr die 40 Teilnehmer der Studienfahrt der CDU Senioren-Union Meschede war, dass zur gleichen Zeit in Aachen die \u201eHeiligtumsfahrt\u201c unter dem Motto \u201eEntdecke mich\u201c stattfand. Seit 1349 ist alle 7 Jahre die \u201eHeiligtumsfahrt\u201c in Aachen, ein Ereignis, das Pilgernde aus aller Welt besuchen und zahlreiche Gottesdienste und Kulturveranstaltungen in diesem Rahmen stattfinden. Im nahe gelegenen Kornelim\u00fcnster war die Abteikirche mit den Tuchreliquien nach der Flutkatastrophe gerade wieder er\u00f6ffnet worden.<\/p>\n<p>W\u00e4hrend der Stadtf\u00fchrung durch die Altstadt fand der \u201ePuppenbrunnen\u201c ein besonderes Interesse. Der Aachener Dom konnte w\u00e4hrend dieser Zeit nur auf pers\u00f6nlicher Ebene&nbsp; besucht und bewundert werden, dabei auch der Marienschrein, der Schrein Karls des Gro\u00dfen und die Tuchreliquien.<\/p>\n<p>Bei der Stadtrundfahrt durch die kaiserliche Kurstadt ging es in die Au\u00dfenbezirke von Aachen, u.a. zum Stadion \u201eTivoli\u201c, dem Gel\u00e4nde des CHIO auf dem j\u00e4hrlich das internationale Pferdesport-Turnier ist und zur Uniklinik RWTH im Stadtteil Laurensberg mit seinem riesigen \u00e4u\u00dferen R\u00f6hrensystem.<\/p>\n<p>Mit den \u00fcber 1.500 Besuchern des Sinfoniekonzerts auf dem Katschhof zwischen Aachener DOM und Rathaus&nbsp; erfreuten sich auch die Mescheder Senioren an der musikalischen Darbietung.<br \/>\nEindrucksvoll auch die historischen R\u00e4ume im Aachener Rathaus und der gro\u00dfe Kr\u00f6nungssaal mit dem Kreuzrippengew\u00f6lbe, den Malereien und der Reichskrone. Viele Erinnerungen an Karl den Gro\u00dfen (748-814) wurden wieder wach.<\/p>\n<p>Interessant war auch der Tagesausflug mit Stadtf\u00fchrung nach Maastricht: Kurzbesuch in der \u201eBasiliek van Onze Lieve Vrouw Sterre der Zee\u201c, die alte Stadtmauer und der Platz \u201eVrijthof\u201c auf dem Andr\u00e9 Rieu rd. 12.000 Zuh\u00f6rer durch seine Konzerte begeistert. Eine Schifffahrt auf der Maas rundete das Programm ab.<\/p>\n<p>Am letzten Tag der Studienreise stand Monschau auf dem Programm. Bekannt ist diese Stadt nahe der belgischen Grenze f\u00fcr das mittelalterliche Zentrum mit Fachwerkh\u00e4usern und engen Kopfsteinpflasterstra\u00dfen. In der evangelischen Stadtkirche wurde von der Mescheder Senioren-Gruppe das Lied \u201eGro\u00dfer Gott wir loben dich\u201c gesungen. Das \u201eRote Haus\u201c zeigt die Wohnkultur der wohlhabenden Tuchfabrikanten, die Burg Monschau thront mit ihren T\u00fcrmen \u00fcber der Stadt. Eine Besichtigung der historischen Senfm\u00fchle war der Ausklang der Studienreise der CDU Senioren-Union Meschede.<\/p>\n<hr>\n<h3>Senioren-Union in Rothenburg o.d.T., Augsburg, Kloster Andechs und Volkach<\/h3>\n<h3>Empfang im F\u00fcrstenzimmer des Augsburger Rathauses<\/h3>\n<p><strong>Meschede.<\/strong> Erlebnisreiche Tage hatten die 40 Seniorinnen und Senioren der Studienfahrt der CDU Senioren-Union Meschede mit Hauptziel Augsburg. Die erste gr\u00f6\u00dfere Rast gab es in Rothenburg ob der Tauber. Gut angenommen wurde von den Seniorinnen und Senioren, dass alle Stadtf\u00fchrungen in 2 Gruppen aufgeteilt wurden, in eine \u201eschnellere\u201c und eine \u201e langsamere\u201c Gruppe. So hatten die \u00c4lteren mit Rollatoren und Gehhilfen auch die M\u00f6glichkeit, die Stadtf\u00fchrungen besser zu bew\u00e4ltigen.<\/p>\n<p>Ziele bei der Stadtf\u00fchrung in Rothenburg o.d.T. waren die Altstadt, das Rathaus am Marktplatz, die gut erhaltene Stadtmauer und die sechs Stadttore. Besonders die evangelische Sankt-Jakobs -Kirche (erb. 1311) mit dem Heilig- Blut- Altar von Tilman Riemenschneider beeindruckte die Teilnehmer. Die Stadtf\u00fchrerin verstand es, viele Einzelheiten des Altars zu erl\u00e4utern. Zum Schluss des Tages brachte ein gemeinsames Abendessen im Ratskeller in Augsburg die richtige Stimmung.<\/p>\n<p>In der 1321 erbauten ev. St. Anna-Kirche in Augsburg erl\u00e4uterte die Stadtf\u00fchrerin, dass Martin Luther hier seine 95 Thesen widerrufen sollte. Die kath. Moritzkirche strahlt seit 10 Jahren durch die ganz in Wei\u00df und lichterf\u00fcllt gestalteten Kirche eine Ruhe aus und soll zur Konzentration auf das Wesentliche beitragen. Das ehemalige \u201eZeughaus\u201c ist jetzt ein Bildungs- und Begegnungszentrum. Immer wieder begegnet man in Augsburg Erinnerungen an Jakob Fugger, sei es durch Villen, Wohn- und Handelsh\u00e4user und dem Bankhaus. 1521 stiftete Jakob Fugger, einst der reichste Mann der Welt, die Fuggerei f\u00fcr schuldlos verarmte katholische B\u00fcrger. W\u00e4hrend der F\u00fchrung konnten die Seniorinnen und Senioren einen Blick in die Wohnungen der Fuggerei werfen.<\/p>\n<p>Ein besonderer Programmpunkt der Studienfahrt war der Empfang im repr\u00e4sentativ gestalteten F\u00fcrstenzimmer des Rathauses Augsburg durch stv. B\u00fcrgermeister und ehem. Staatssekret\u00e4r Bernd<br \/>\nKr\u00e4nzle (81 \/ CSU) und anschlie\u00dfender Besichtigung des Goldenen Saales . Der Goldene Saal (552 qm) gilt als einer der Glanzpunkte der Innengestaltung der Renaissance in Deutschland. Die grandiose Decke im Goldenen Saal ist mit Blattgold verkleidet. Reiseleiter und Organisator Heinz Arenh\u00f6vel \u00fcberreichte als Dank f\u00fcr den Empfang Herrn Kr\u00e4nzle 2 Bierkr\u00fcge mit Mescheder Wappen und Sauerl\u00e4nder Bier von \u201eVeltins\u201c.<\/p>\n<p>Anschlie\u00dfend gab es einen Ausflug zum Kloster Andechs und Ammersee. Weithin sichtbar ist die 1128 erbaute Wallfahrtskirche \u201eSt. Nikolaus\u201c. Sie geh\u00f6rt zu den \u00e4ltesten Wallfahrtskirchen Bayerns. Seit 1455 betreuen Benediktinerm\u00f6nche die Wallfahrt. Die Klosterbrauerei ist die gr\u00f6\u00dfte Klosterbrauerei in Deutschland. Die Andechser Klosterbiere sind weltbekannt.<\/p>\n<p>Auf der R\u00fcckfahrt machten die Seniorinnen und Senioren der CDU Senioren-Union Meschede einen Zwischenstopp in Volkach an der Mainschleife. Hier konnten die Teilnehmer sich \u00fcber die 1100 Jahre alte Geschichte von Volkach kundig machen. Eine mittelalterliche Stadtmauer, das pr\u00e4chtige Rathaus sowie die gotische Pfarrkirche St. Bartholom\u00e4us geh\u00f6rten zur Stadtf\u00fchrung. Bei einer Weinprobe im Weingut Markus Schneider erl\u00e4uterte der Chef den Weinanbau und die weitere Verarbeitung.<br \/>\nMit vielen Erinnerungen und Dank f\u00fcr die gute Vorbereitung und Organisation kehrten die<br \/>\nSeniorinnen und Senioren der CDU Senioren-Union Meschede ins Sauerland zur\u00fcck.<\/p>\n<p><img loading=\"lazy\" decoding=\"async\" class=\"alignnone size-large wp-image-631\" src=\"https:\/\/su-meschede.de\/wp-content\/uploads\/2024\/06\/20240612_115813-1024x576.jpg\" alt=\"\" width=\"925\" height=\"520\" srcset=\"https:\/\/su-meschede.de\/wp-content\/uploads\/2024\/06\/20240612_115813-1024x576.jpg 1024w, https:\/\/su-meschede.de\/wp-content\/uploads\/2024\/06\/20240612_115813-300x169.jpg 300w, https:\/\/su-meschede.de\/wp-content\/uploads\/2024\/06\/20240612_115813-768x432.jpg 768w, https:\/\/su-meschede.de\/wp-content\/uploads\/2024\/06\/20240612_115813-1536x864.jpg 1536w, https:\/\/su-meschede.de\/wp-content\/uploads\/2024\/06\/20240612_115813-2048x1152.jpg 2048w, https:\/\/su-meschede.de\/wp-content\/uploads\/2024\/06\/20240612_115813-107x60.jpg 107w\" sizes=\"auto, (max-width: 925px) 100vw, 925px\" \/><\/p>\n<p>Foto Elmar Kr\u00e4mer :<br \/>\nEmpfang durch stv. B\u00fcrgermeister Bernd Kr\u00e4nzle im F\u00fcrstenzimmer des Augsburger Rathauses<\/p>\n<p><img loading=\"lazy\" decoding=\"async\" class=\"alignnone size-large wp-image-632\" src=\"https:\/\/su-meschede.de\/wp-content\/uploads\/2024\/06\/20240612_121215-1024x577.jpg\" alt=\"\" width=\"925\" height=\"521\" srcset=\"https:\/\/su-meschede.de\/wp-content\/uploads\/2024\/06\/20240612_121215-1024x577.jpg 1024w, https:\/\/su-meschede.de\/wp-content\/uploads\/2024\/06\/20240612_121215-300x169.jpg 300w, https:\/\/su-meschede.de\/wp-content\/uploads\/2024\/06\/20240612_121215-768x432.jpg 768w, https:\/\/su-meschede.de\/wp-content\/uploads\/2024\/06\/20240612_121215-1536x865.jpg 1536w, https:\/\/su-meschede.de\/wp-content\/uploads\/2024\/06\/20240612_121215-2048x1153.jpg 2048w, https:\/\/su-meschede.de\/wp-content\/uploads\/2024\/06\/20240612_121215-107x60.jpg 107w\" sizes=\"auto, (max-width: 925px) 100vw, 925px\" \/><br \/>\nFoto Elmar Kr\u00e4mer :<br \/>\nstv. B\u00fcrgermeister Bernd Kr\u00e4nzle (re.) und Organisator Heinz Arenh\u00f6vel (li).<\/p>\n<hr>\n","protected":false},"excerpt":{"rendered":"<p>&nbsp; Studienreisen der CDU Senioren-Union Meschede Schon viele Jahre gibt es das Angebot unserer Studienfahrten f\u00fcr die Mitglieder der Senioren-Union und f\u00fcr interessierte B\u00fcrgerinnen und B\u00fcrger unserer Stadt. Immer in der Woche nach Fronleichnam hei\u00dft es: Wir starten und gehen auf Reise! Unsere Ziele waren Trier, Berlin, Erfurt und Weimar, W\u00fcrzburg und Bamberg, Neustadt und &hellip; <\/p>\n","protected":false},"author":1,"featured_media":0,"parent":0,"menu_order":0,"comment_status":"closed","ping_status":"closed","template":"","meta":{"ngg_post_thumbnail":0,"footnotes":""},"class_list":["post-109","page","type-page","status-publish","hentry"],"yoast_head":"<!-- This site is optimized with the Yoast SEO plugin v27.5 - https:\/\/yoast.com\/product\/yoast-seo-wordpress\/ -->\n<title>Reisen - Senioren Union - Stadtverband Meschede<\/title>\n<meta name=\"robots\" content=\"index, follow, max-snippet:-1, max-image-preview:large, max-video-preview:-1\" \/>\n<link rel=\"canonical\" href=\"https:\/\/su-meschede.de\/willkommen\/reisen\/\" \/>\n<meta property=\"og:locale\" content=\"de_DE\" \/>\n<meta property=\"og:type\" content=\"article\" \/>\n<meta property=\"og:title\" content=\"Reisen - Senioren Union - Stadtverband Meschede\" \/>\n<meta property=\"og:description\" content=\"&nbsp; Studienreisen der CDU Senioren-Union Meschede Schon viele Jahre gibt es das Angebot unserer Studienfahrten f\u00fcr die Mitglieder der Senioren-Union und f\u00fcr interessierte B\u00fcrgerinnen und B\u00fcrger unserer Stadt. Immer in der Woche nach Fronleichnam hei\u00dft es: Wir starten und gehen auf Reise! Unsere Ziele waren Trier, Berlin, Erfurt und Weimar, W\u00fcrzburg und Bamberg, Neustadt und &hellip;\" \/>\n<meta property=\"og:url\" content=\"https:\/\/su-meschede.de\/willkommen\/reisen\/\" \/>\n<meta property=\"og:site_name\" content=\"Senioren Union - Stadtverband Meschede\" \/>\n<meta property=\"article:modified_time\" content=\"2024-07-31T15:27:13+00:00\" \/>\n<meta property=\"og:image\" content=\"https:\/\/su-meschede.de\/wp-content\/uploads\/2024\/06\/20240612_115813-1024x576.jpg\" \/>\n<meta name=\"twitter:card\" content=\"summary_large_image\" \/>\n<meta name=\"twitter:label1\" content=\"Gesch\u00e4tzte Lesezeit\" \/>\n\t<meta name=\"twitter:data1\" content=\"7\u00a0Minuten\" \/>\n<script type=\"application\/ld+json\" class=\"yoast-schema-graph\">{\"@context\":\"https:\\\/\\\/schema.org\",\"@graph\":[{\"@type\":\"WebPage\",\"@id\":\"https:\\\/\\\/su-meschede.de\\\/willkommen\\\/reisen\\\/\",\"url\":\"https:\\\/\\\/su-meschede.de\\\/willkommen\\\/reisen\\\/\",\"name\":\"Reisen - Senioren Union - Stadtverband Meschede\",\"isPartOf\":{\"@id\":\"https:\\\/\\\/su-meschede.de\\\/willkommen\\\/#website\"},\"primaryImageOfPage\":{\"@id\":\"https:\\\/\\\/su-meschede.de\\\/willkommen\\\/reisen\\\/#primaryimage\"},\"image\":{\"@id\":\"https:\\\/\\\/su-meschede.de\\\/willkommen\\\/reisen\\\/#primaryimage\"},\"thumbnailUrl\":\"https:\\\/\\\/su-meschede.de\\\/wp-content\\\/uploads\\\/2024\\\/06\\\/20240612_115813-1024x576.jpg\",\"datePublished\":\"2022-08-30T16:20:09+00:00\",\"dateModified\":\"2024-07-31T15:27:13+00:00\",\"breadcrumb\":{\"@id\":\"https:\\\/\\\/su-meschede.de\\\/willkommen\\\/reisen\\\/#breadcrumb\"},\"inLanguage\":\"de\",\"potentialAction\":[{\"@type\":\"ReadAction\",\"target\":[\"https:\\\/\\\/su-meschede.de\\\/willkommen\\\/reisen\\\/\"]}]},{\"@type\":\"ImageObject\",\"inLanguage\":\"de\",\"@id\":\"https:\\\/\\\/su-meschede.de\\\/willkommen\\\/reisen\\\/#primaryimage\",\"url\":\"https:\\\/\\\/su-meschede.de\\\/wp-content\\\/uploads\\\/2024\\\/06\\\/20240612_115813-1024x576.jpg\",\"contentUrl\":\"https:\\\/\\\/su-meschede.de\\\/wp-content\\\/uploads\\\/2024\\\/06\\\/20240612_115813-1024x576.jpg\"},{\"@type\":\"BreadcrumbList\",\"@id\":\"https:\\\/\\\/su-meschede.de\\\/willkommen\\\/reisen\\\/#breadcrumb\",\"itemListElement\":[{\"@type\":\"ListItem\",\"position\":1,\"name\":\"Startseite\",\"item\":\"https:\\\/\\\/su-meschede.de\\\/willkommen\\\/\"},{\"@type\":\"ListItem\",\"position\":2,\"name\":\"Reisen\"}]},{\"@type\":\"WebSite\",\"@id\":\"https:\\\/\\\/su-meschede.de\\\/willkommen\\\/#website\",\"url\":\"https:\\\/\\\/su-meschede.de\\\/willkommen\\\/\",\"name\":\"Senioren Union - Stadtverband Meschede\",\"description\":\"Politik f\u00fcr die \u00e4ltere Generation\",\"publisher\":{\"@id\":\"https:\\\/\\\/su-meschede.de\\\/willkommen\\\/#organization\"},\"alternateName\":\"Senioren-Union Meschede\",\"potentialAction\":[{\"@type\":\"SearchAction\",\"target\":{\"@type\":\"EntryPoint\",\"urlTemplate\":\"https:\\\/\\\/su-meschede.de\\\/willkommen\\\/?s={search_term_string}\"},\"query-input\":{\"@type\":\"PropertyValueSpecification\",\"valueRequired\":true,\"valueName\":\"search_term_string\"}}],\"inLanguage\":\"de\"},{\"@type\":\"Organization\",\"@id\":\"https:\\\/\\\/su-meschede.de\\\/willkommen\\\/#organization\",\"name\":\"Senioren Union - Stadtverband Meschede\",\"alternateName\":\"Senioren-Union Meschede\",\"url\":\"https:\\\/\\\/su-meschede.de\\\/willkommen\\\/\",\"logo\":{\"@type\":\"ImageObject\",\"inLanguage\":\"de\",\"@id\":\"https:\\\/\\\/su-meschede.de\\\/willkommen\\\/#\\\/schema\\\/logo\\\/image\\\/\",\"url\":\"https:\\\/\\\/su-meschede.de\\\/wp-content\\\/uploads\\\/2023\\\/09\\\/Senioren-Union-LOGO-2023-72dpi-1.jpg\",\"contentUrl\":\"https:\\\/\\\/su-meschede.de\\\/wp-content\\\/uploads\\\/2023\\\/09\\\/Senioren-Union-LOGO-2023-72dpi-1.jpg\",\"width\":666,\"height\":265,\"caption\":\"Senioren Union - Stadtverband Meschede\"},\"image\":{\"@id\":\"https:\\\/\\\/su-meschede.de\\\/willkommen\\\/#\\\/schema\\\/logo\\\/image\\\/\"}}]}<\/script>\n<!-- \/ Yoast SEO plugin. -->","yoast_head_json":{"title":"Reisen - Senioren Union - Stadtverband Meschede","robots":{"index":"index","follow":"follow","max-snippet":"max-snippet:-1","max-image-preview":"max-image-preview:large","max-video-preview":"max-video-preview:-1"},"canonical":"https:\/\/su-meschede.de\/willkommen\/reisen\/","og_locale":"de_DE","og_type":"article","og_title":"Reisen - Senioren Union - Stadtverband Meschede","og_description":"&nbsp; Studienreisen der CDU Senioren-Union Meschede Schon viele Jahre gibt es das Angebot unserer Studienfahrten f\u00fcr die Mitglieder der Senioren-Union und f\u00fcr interessierte B\u00fcrgerinnen und B\u00fcrger unserer Stadt. Immer in der Woche nach Fronleichnam hei\u00dft es: Wir starten und gehen auf Reise! Unsere Ziele waren Trier, Berlin, Erfurt und Weimar, W\u00fcrzburg und Bamberg, Neustadt und &hellip;","og_url":"https:\/\/su-meschede.de\/willkommen\/reisen\/","og_site_name":"Senioren Union - Stadtverband Meschede","article_modified_time":"2024-07-31T15:27:13+00:00","og_image":[{"url":"https:\/\/su-meschede.de\/wp-content\/uploads\/2024\/06\/20240612_115813-1024x576.jpg","type":"","width":"","height":""}],"twitter_card":"summary_large_image","twitter_misc":{"Gesch\u00e4tzte Lesezeit":"7\u00a0Minuten"},"schema":{"@context":"https:\/\/schema.org","@graph":[{"@type":"WebPage","@id":"https:\/\/su-meschede.de\/willkommen\/reisen\/","url":"https:\/\/su-meschede.de\/willkommen\/reisen\/","name":"Reisen - Senioren Union - Stadtverband Meschede","isPartOf":{"@id":"https:\/\/su-meschede.de\/willkommen\/#website"},"primaryImageOfPage":{"@id":"https:\/\/su-meschede.de\/willkommen\/reisen\/#primaryimage"},"image":{"@id":"https:\/\/su-meschede.de\/willkommen\/reisen\/#primaryimage"},"thumbnailUrl":"https:\/\/su-meschede.de\/wp-content\/uploads\/2024\/06\/20240612_115813-1024x576.jpg","datePublished":"2022-08-30T16:20:09+00:00","dateModified":"2024-07-31T15:27:13+00:00","breadcrumb":{"@id":"https:\/\/su-meschede.de\/willkommen\/reisen\/#breadcrumb"},"inLanguage":"de","potentialAction":[{"@type":"ReadAction","target":["https:\/\/su-meschede.de\/willkommen\/reisen\/"]}]},{"@type":"ImageObject","inLanguage":"de","@id":"https:\/\/su-meschede.de\/willkommen\/reisen\/#primaryimage","url":"https:\/\/su-meschede.de\/wp-content\/uploads\/2024\/06\/20240612_115813-1024x576.jpg","contentUrl":"https:\/\/su-meschede.de\/wp-content\/uploads\/2024\/06\/20240612_115813-1024x576.jpg"},{"@type":"BreadcrumbList","@id":"https:\/\/su-meschede.de\/willkommen\/reisen\/#breadcrumb","itemListElement":[{"@type":"ListItem","position":1,"name":"Startseite","item":"https:\/\/su-meschede.de\/willkommen\/"},{"@type":"ListItem","position":2,"name":"Reisen"}]},{"@type":"WebSite","@id":"https:\/\/su-meschede.de\/willkommen\/#website","url":"https:\/\/su-meschede.de\/willkommen\/","name":"Senioren Union - Stadtverband Meschede","description":"Politik f\u00fcr die \u00e4ltere Generation","publisher":{"@id":"https:\/\/su-meschede.de\/willkommen\/#organization"},"alternateName":"Senioren-Union Meschede","potentialAction":[{"@type":"SearchAction","target":{"@type":"EntryPoint","urlTemplate":"https:\/\/su-meschede.de\/willkommen\/?s={search_term_string}"},"query-input":{"@type":"PropertyValueSpecification","valueRequired":true,"valueName":"search_term_string"}}],"inLanguage":"de"},{"@type":"Organization","@id":"https:\/\/su-meschede.de\/willkommen\/#organization","name":"Senioren Union - Stadtverband Meschede","alternateName":"Senioren-Union Meschede","url":"https:\/\/su-meschede.de\/willkommen\/","logo":{"@type":"ImageObject","inLanguage":"de","@id":"https:\/\/su-meschede.de\/willkommen\/#\/schema\/logo\/image\/","url":"https:\/\/su-meschede.de\/wp-content\/uploads\/2023\/09\/Senioren-Union-LOGO-2023-72dpi-1.jpg","contentUrl":"https:\/\/su-meschede.de\/wp-content\/uploads\/2023\/09\/Senioren-Union-LOGO-2023-72dpi-1.jpg","width":666,"height":265,"caption":"Senioren Union - Stadtverband Meschede"},"image":{"@id":"https:\/\/su-meschede.de\/willkommen\/#\/schema\/logo\/image\/"}}]}},"_links":{"self":[{"href":"https:\/\/su-meschede.de\/willkommen\/wp-json\/wp\/v2\/pages\/109","targetHints":{"allow":["GET"]}}],"collection":[{"href":"https:\/\/su-meschede.de\/willkommen\/wp-json\/wp\/v2\/pages"}],"about":[{"href":"https:\/\/su-meschede.de\/willkommen\/wp-json\/wp\/v2\/types\/page"}],"author":[{"embeddable":true,"href":"https:\/\/su-meschede.de\/willkommen\/wp-json\/wp\/v2\/users\/1"}],"replies":[{"embeddable":true,"href":"https:\/\/su-meschede.de\/willkommen\/wp-json\/wp\/v2\/comments?post=109"}],"version-history":[{"count":13,"href":"https:\/\/su-meschede.de\/willkommen\/wp-json\/wp\/v2\/pages\/109\/revisions"}],"predecessor-version":[{"id":651,"href":"https:\/\/su-meschede.de\/willkommen\/wp-json\/wp\/v2\/pages\/109\/revisions\/651"}],"wp:attachment":[{"href":"https:\/\/su-meschede.de\/willkommen\/wp-json\/wp\/v2\/media?parent=109"}],"curies":[{"name":"wp","href":"https:\/\/api.w.org\/{rel}","templated":true}]}}