{"id":111,"date":"2022-08-30T18:20:27","date_gmt":"2022-08-30T16:20:27","guid":{"rendered":"https:\/\/su-meschede.de\/willkommen\/?page_id=111"},"modified":"2024-05-17T10:16:27","modified_gmt":"2024-05-17T08:16:27","slug":"senioren-helfen-senioren","status":"publish","type":"page","link":"https:\/\/su-meschede.de\/willkommen\/senioren-helfen-senioren\/","title":{"rendered":"Senioren helfen Senioren"},"content":{"rendered":"<h2>R\u00fcckblick <strong>\u201eSenioren helfen Senioren\u201c <\/strong><\/h2>\n<p>Am 20. Februar 2024 waren \u00fcber 20 Teilnehmer zu einer Informationsveranstaltung zu unserer <em>&#8222;Selbsthilfegruppe PC und Smartphone&#8220;<\/em> gekommen. Diesmal standen zwei Vortr\u00e4ge und Demonstrationen zu den Themen&nbsp;<\/p>\n<ul>\n<li>Wie mache ich mir die <em>KI (K\u00fcnstliche Intelligenz)<\/em> zu nutze<\/li>\n<li>Das digitale Zeitungsportal NRW <em>Zeitpunkt.nrw<\/em><\/li>\n<\/ul>\n<p>neben nat\u00fcrlich Unterst\u00fctzung bei PC und Handy auf der Tagesordnung. Wie immer war die Zeit zu kurz. Hier noch einmal die Pr\u00e4sentationen zum Download und Nachlesen:<\/p>\n<p><a href=\"https:\/\/su-meschede.de\/wp-content\/uploads\/2024\/02\/KI.pdf\">KI<\/a><br \/>\n<a href=\"https:\/\/su-meschede.de\/wp-content\/uploads\/2024\/02\/Zeitpunkt.pdf\">Zeitpunkt<\/a><\/p>\n<p>&nbsp;<\/p>\n<p>Seniorinnen und Senioren tun sich schon mal etwas schwer mit PC und Smartphone. Dies haben wir erkannt und haben unter dem Titel &#8222;Senioren helfen Senioren&#8220; eine Schulung\/Einweisung in <strong>Handynutzung und Internet<\/strong> gegeben. Erfahrene Mitglieder der Senioren-Union Meschede haben den Freunden und G\u00e4sten Fragen beantwortet und Unterst\u00fctzung gegeben bei der Nutzung von WhatsApp und Internet. Gerade in der Coronazeit war es hilfreich den schriftlichen, aber auch den Video-Kontakt \u00fcber Handy und Rechner mit anderen zu pflegen.<br \/>\nDer Umgang mit der Technik wurde gezeigt und praktisch ge\u00fcbt. Auf die Gefahren des Internet wurde hingewiesen.<\/p>\n<p>In der Coronazeit haben wir unter dem Motto &#8222;Senioren helfen Senioren&#8220; geholfen <strong>Impftermine \u00fcber das Internet<\/strong> zu buchen.<\/p>\n<figure id=\"attachment_148\" aria-describedby=\"caption-attachment-148\" style=\"width: 544px\" class=\"wp-caption alignnone\"><img loading=\"lazy\" decoding=\"async\" class=\" wp-image-148\" src=\"https:\/\/su-meschede.de\/wp-content\/uploads\/2022\/09\/Steuer1-300x209.png\" alt=\"\" width=\"544\" height=\"379\" srcset=\"https:\/\/su-meschede.de\/wp-content\/uploads\/2022\/09\/Steuer1-300x209.png 300w, https:\/\/su-meschede.de\/wp-content\/uploads\/2022\/09\/Steuer1-1024x715.png 1024w, https:\/\/su-meschede.de\/wp-content\/uploads\/2022\/09\/Steuer1-768x536.png 768w, https:\/\/su-meschede.de\/wp-content\/uploads\/2022\/09\/Steuer1-1536x1072.png 1536w, https:\/\/su-meschede.de\/wp-content\/uploads\/2022\/09\/Steuer1-2048x1429.png 2048w, https:\/\/su-meschede.de\/wp-content\/uploads\/2022\/09\/Steuer1-86x60.png 86w\" sizes=\"auto, (max-width: 544px) 100vw, 544px\" \/><figcaption id=\"caption-attachment-148\" class=\"wp-caption-text\">Hilfe bei der Grundsteuererkl\u00e4rung<\/figcaption><\/figure>\n<p>Die Veranstaltung aus der Reihe \u201e<strong>Senioren helfen Senioren<\/strong>\u201c zum Thema <strong>Grundsteuererkl\u00e4rung<\/strong> am 13.09.2022 war ein Riesenerfolg. Mit mehr als 30 Teilnehmern war die Kapazit\u00e4tsgrenze der R\u00e4umlichkeiten eigentlich schon \u00fcberschritten. Hilfesuchende, nicht nur aus den Mescheder Ortsteilen, sondern auch aus den angrenzenden St\u00e4dten und Gemeinden kamen im Tennisheim in Freienohl zusammen und wurden von Experten auf die Grundsteuererkl\u00e4rung vorbereitet. Nach der Begr\u00fc\u00dfung durch den Vorsitzenden Bodo Kirtz f\u00fchrte Matthias Hengesbach, Mitgesellschafter einer Steuerberatungsgesellschaft, in das Thema ein. Jahrzehnte hatte der Gesetzgeber gebraucht um das von den Gerichten ger\u00fcgte Verfahren zu reformieren und nun muss es pl\u00f6tzlich ganz schnell gehen und dem B\u00fcrger wird die Pistole auf die Brust gesetzt und Ende Oktober m\u00fcssen die B\u00fcrger die Grundsteuererkl\u00e4rung abgegeben haben.<br \/>\nAn Fallbeispielen demonstrierte der 2. Vorsitzende der Mescheder Senioren-Union, der pensionierte Studiendirektor Klaus Hengesbach, wie im Internet, im Elster-Portal, die Formulare von den Haus- und Grundbesitzern und den Besitzern einer Eigentumswohnung auszuf\u00fcllen sind. Es wurde gezeigt wo die Fallstricke liegen, \u00fcber die so mancher Steuerpflichtige schon gestolpert ist.<br \/>\nZu Grundst\u00fccksangelegenheiten konnte das Mitglied Josef Wennekamp, Diplom-Rechtspfleger und Spezialist f\u00fcr Grundbuchangelegenheiten, auch einiges beisteuern.<br \/>\nDie Teilnehmer bekamen in gedruckter Form die Fallbeispiele mit nach Hause. Der Steuerberater beantwortete zahlreiche Spezialfragen.<br \/>\nDen Teilnehmern wurde manche Sorge genommen. Eigentlich w\u00e4re dies eine Aufgabe von Gesetzgeber und Finanzverwaltung gewesen.<\/p>\n<p>&nbsp;<\/p>\n<p style=\"text-align: left;\"><strong>Hilfe, in meiner Familie wird jemand dement, was kann ich tun?<\/strong><br \/>\nBericht: Klaus Hengesbach \u2013 Meschede, den 9.Januar 2023<\/p>\n<p>Die Informationsveranstaltung der Senioren-Union der CDU Meschede in Eversberg zum Thema \u201ePflege\u201c war mit 24 Personen recht gut besucht. In der fast zweist\u00fcndigen Veranstaltung schilderte die Leiterin des ambulanten Dienstes \u201eLebenszeit\u201c Frau Anja Ullrich mit packenden Beispielen aus ihrer langj\u00e4hrigen Berufserfahrung,&nbsp; auf welche Hilfen jemand zur\u00fcckgreifen kann, wenn er nicht mehr in der Lage ist, sein Leben in allen Bereichen selbstbestimmt zu f\u00fchren.<\/p>\n<figure id=\"attachment_296\" aria-describedby=\"caption-attachment-296\" style=\"width: 600px\" class=\"wp-caption alignnone\"><img loading=\"lazy\" decoding=\"async\" class=\"wp-image-296\" src=\"https:\/\/su-meschede.de\/wp-content\/uploads\/2023\/01\/Pflege1-300x146.jpg\" alt=\"\" width=\"600\" height=\"292\" srcset=\"https:\/\/su-meschede.de\/wp-content\/uploads\/2023\/01\/Pflege1-300x146.jpg 300w, https:\/\/su-meschede.de\/wp-content\/uploads\/2023\/01\/Pflege1-1024x499.jpg 1024w, https:\/\/su-meschede.de\/wp-content\/uploads\/2023\/01\/Pflege1-768x375.jpg 768w, https:\/\/su-meschede.de\/wp-content\/uploads\/2023\/01\/Pflege1-123x60.jpg 123w, https:\/\/su-meschede.de\/wp-content\/uploads\/2023\/01\/Pflege1.jpg 1265w\" sizes=\"auto, (max-width: 600px) 100vw, 600px\" \/><figcaption id=\"caption-attachment-296\" class=\"wp-caption-text\">Vortragende: Frau Anja Ullrich vom ambulanten Dienst \u201eLebenszeit\u201c in Eversberg\/Wallen<\/figcaption><\/figure>\n<p>Manchmal wird aus Unwissenheit oder Scham zu lange gewartet, bis der Antrag auf Pflege gestellt wird. Jeder kann bei seiner zust\u00e4ndigen Krankenkasse einen recht einfachen Antrag auf Pflegeleistungen f\u00fcr sich oder seine Schutzbefohlenen stellen.<br \/>\nDer medizinische Dienst der Krankenkassen (MDK) beurteilt danach den Pflegebedarf und stellt die Pflegestufe fest. Je nach Pflegestufe gibt es unterschiedliche Leistungen.<br \/>\nAnja Ullrich wies in ihrem Vortrag besonders auf die problematischen Themen im Pflegefall hin.<br \/>\nSo ist es ratsam, eine Patientenverf\u00fcgung fr\u00fchzeitig zu hinterlegen und eine Betreuungsverf\u00fcgung bzw. Generalvollmacht nur nach sorgf\u00e4ltiger Abw\u00e4gung und Absprache mit den Verwandten notariell ausfertigen zu lassen.<br \/>\nBei h\u00e4uslicher Pflege kann die \u00dcberforderung der pflegenden Person zu einem existenziellen Problem werden. Man sollte unbedingt die angebotenen Hilfen pr\u00fcfen und in Anspruch nehmen. Auszeiten in der Pflege sind notwendig.<br \/>\nDer ambulante Dienst \u201eLebenszeit\u201c bietet z.B. tags\u00fcber Seniorenbetreuung einzeln oder f\u00fcr Gruppen an, stellt Hilfen im Haushalt bei Erkrankungen auch z.B. von Kleinkindern, erm\u00f6glicht Freizeitgestaltungen in verschiedenen Bereichen f\u00fcr Pflegebed\u00fcrftige oder deren Angeh\u00f6rige.<\/p>\n<p>Erg\u00e4nzend zu den aussagekr\u00e4ftigen Informationen von Anja Ullrich wies Heinz Arenh\u00f6vel (Vorstandsmitglied der Senioren-Union Meschede) auf die vielf\u00e4ltigen Angebote im Bereich Pflege im Stadtgebiete Meschede hin. So nannte er die Angebote des Caritasverbandes Meschede mit den Sozialstationen, der Senioren- und Pflegeberatung, der Tagespflege und dem Hausnotruf.<\/p>\n<figure id=\"attachment_297\" aria-describedby=\"caption-attachment-297\" style=\"width: 602px\" class=\"wp-caption alignnone\"><img loading=\"lazy\" decoding=\"async\" class=\"wp-image-297\" src=\"https:\/\/su-meschede.de\/wp-content\/uploads\/2023\/01\/Pflege2-300x147.jpg\" alt=\"\" width=\"602\" height=\"295\" srcset=\"https:\/\/su-meschede.de\/wp-content\/uploads\/2023\/01\/Pflege2-300x147.jpg 300w, https:\/\/su-meschede.de\/wp-content\/uploads\/2023\/01\/Pflege2-1024x503.jpg 1024w, https:\/\/su-meschede.de\/wp-content\/uploads\/2023\/01\/Pflege2-768x377.jpg 768w, https:\/\/su-meschede.de\/wp-content\/uploads\/2023\/01\/Pflege2-122x60.jpg 122w, https:\/\/su-meschede.de\/wp-content\/uploads\/2023\/01\/Pflege2.jpg 1054w\" sizes=\"auto, (max-width: 602px) 100vw, 602px\" \/><figcaption id=\"caption-attachment-297\" class=\"wp-caption-text\">Heinz Arenh\u00f6vel, Senioren-Union<\/figcaption><\/figure>\n<p>Im Zusammenhang mit unserer Pflegeveranstaltung hat Heinz Arenh\u00f6vel eine Liste mit <strong>Kontaktadressen und Kontaktnummern<\/strong> zusammengestellt, die sicherlich nicht vollst\u00e4ndig ist, aber hilfreich f\u00fcr Seniorinnen und Senioren. Hier Klicken: <a href=\"https:\/\/su-meschede.de\/wp-content\/uploads\/2023\/01\/Hilfsangebote-fuer-Seniorinnen-und-Senioren.pdf\">Hilfsangebote f\u00fcr Seniorinnen und Senioren<\/a><\/p>\n<h2>Wir setzen uns ein und wir bieten Hilfe.<\/h2>\n","protected":false},"excerpt":{"rendered":"<p>R\u00fcckblick \u201eSenioren helfen Senioren\u201c Am 20. Februar 2024 waren \u00fcber 20 Teilnehmer zu einer Informationsveranstaltung zu unserer &#8222;Selbsthilfegruppe PC und Smartphone&#8220; gekommen. Diesmal standen zwei Vortr\u00e4ge und Demonstrationen zu den Themen&nbsp; Wie mache ich mir die KI (K\u00fcnstliche Intelligenz) zu nutze Das digitale Zeitungsportal NRW Zeitpunkt.nrw neben nat\u00fcrlich Unterst\u00fctzung bei PC und Handy auf der &hellip; <\/p>\n","protected":false},"author":1,"featured_media":0,"parent":0,"menu_order":0,"comment_status":"closed","ping_status":"closed","template":"","meta":{"ngg_post_thumbnail":0,"footnotes":""},"class_list":["post-111","page","type-page","status-publish","hentry"],"yoast_head":"<!-- This site is optimized with the Yoast SEO plugin v27.5 - https:\/\/yoast.com\/product\/yoast-seo-wordpress\/ -->\n<title>Senioren helfen Senioren - Senioren Union - Stadtverband Meschede<\/title>\n<meta name=\"robots\" content=\"index, follow, max-snippet:-1, max-image-preview:large, max-video-preview:-1\" \/>\n<link rel=\"canonical\" href=\"https:\/\/su-meschede.de\/willkommen\/senioren-helfen-senioren\/\" \/>\n<meta property=\"og:locale\" content=\"de_DE\" \/>\n<meta property=\"og:type\" content=\"article\" \/>\n<meta property=\"og:title\" content=\"Senioren helfen Senioren - Senioren Union - Stadtverband Meschede\" \/>\n<meta property=\"og:description\" content=\"R\u00fcckblick \u201eSenioren helfen Senioren\u201c Am 20. Februar 2024 waren \u00fcber 20 Teilnehmer zu einer Informationsveranstaltung zu unserer &#8222;Selbsthilfegruppe PC und Smartphone&#8220; gekommen. Diesmal standen zwei Vortr\u00e4ge und Demonstrationen zu den Themen&nbsp; Wie mache ich mir die KI (K\u00fcnstliche Intelligenz) zu nutze Das digitale Zeitungsportal NRW Zeitpunkt.nrw neben nat\u00fcrlich Unterst\u00fctzung bei PC und Handy auf der &hellip;\" \/>\n<meta property=\"og:url\" content=\"https:\/\/su-meschede.de\/willkommen\/senioren-helfen-senioren\/\" \/>\n<meta property=\"og:site_name\" content=\"Senioren Union - Stadtverband Meschede\" \/>\n<meta property=\"article:modified_time\" content=\"2024-05-17T08:16:27+00:00\" \/>\n<meta property=\"og:image\" content=\"https:\/\/su-meschede.de\/wp-content\/uploads\/2022\/09\/Steuer1-300x209.png\" \/>\n<meta name=\"twitter:card\" content=\"summary_large_image\" \/>\n<meta name=\"twitter:label1\" content=\"Gesch\u00e4tzte Lesezeit\" \/>\n\t<meta name=\"twitter:data1\" content=\"5\u00a0Minuten\" \/>\n<script type=\"application\/ld+json\" class=\"yoast-schema-graph\">{\"@context\":\"https:\\\/\\\/schema.org\",\"@graph\":[{\"@type\":\"WebPage\",\"@id\":\"https:\\\/\\\/su-meschede.de\\\/willkommen\\\/senioren-helfen-senioren\\\/\",\"url\":\"https:\\\/\\\/su-meschede.de\\\/willkommen\\\/senioren-helfen-senioren\\\/\",\"name\":\"Senioren helfen Senioren - Senioren Union - Stadtverband Meschede\",\"isPartOf\":{\"@id\":\"https:\\\/\\\/su-meschede.de\\\/willkommen\\\/#website\"},\"primaryImageOfPage\":{\"@id\":\"https:\\\/\\\/su-meschede.de\\\/willkommen\\\/senioren-helfen-senioren\\\/#primaryimage\"},\"image\":{\"@id\":\"https:\\\/\\\/su-meschede.de\\\/willkommen\\\/senioren-helfen-senioren\\\/#primaryimage\"},\"thumbnailUrl\":\"https:\\\/\\\/su-meschede.de\\\/wp-content\\\/uploads\\\/2022\\\/09\\\/Steuer1-300x209.png\",\"datePublished\":\"2022-08-30T16:20:27+00:00\",\"dateModified\":\"2024-05-17T08:16:27+00:00\",\"breadcrumb\":{\"@id\":\"https:\\\/\\\/su-meschede.de\\\/willkommen\\\/senioren-helfen-senioren\\\/#breadcrumb\"},\"inLanguage\":\"de\",\"potentialAction\":[{\"@type\":\"ReadAction\",\"target\":[\"https:\\\/\\\/su-meschede.de\\\/willkommen\\\/senioren-helfen-senioren\\\/\"]}]},{\"@type\":\"ImageObject\",\"inLanguage\":\"de\",\"@id\":\"https:\\\/\\\/su-meschede.de\\\/willkommen\\\/senioren-helfen-senioren\\\/#primaryimage\",\"url\":\"https:\\\/\\\/su-meschede.de\\\/wp-content\\\/uploads\\\/2022\\\/09\\\/Steuer1-300x209.png\",\"contentUrl\":\"https:\\\/\\\/su-meschede.de\\\/wp-content\\\/uploads\\\/2022\\\/09\\\/Steuer1-300x209.png\"},{\"@type\":\"BreadcrumbList\",\"@id\":\"https:\\\/\\\/su-meschede.de\\\/willkommen\\\/senioren-helfen-senioren\\\/#breadcrumb\",\"itemListElement\":[{\"@type\":\"ListItem\",\"position\":1,\"name\":\"Startseite\",\"item\":\"https:\\\/\\\/su-meschede.de\\\/willkommen\\\/\"},{\"@type\":\"ListItem\",\"position\":2,\"name\":\"Senioren helfen Senioren\"}]},{\"@type\":\"WebSite\",\"@id\":\"https:\\\/\\\/su-meschede.de\\\/willkommen\\\/#website\",\"url\":\"https:\\\/\\\/su-meschede.de\\\/willkommen\\\/\",\"name\":\"Senioren Union - Stadtverband Meschede\",\"description\":\"Politik f\u00fcr die \u00e4ltere Generation\",\"publisher\":{\"@id\":\"https:\\\/\\\/su-meschede.de\\\/willkommen\\\/#organization\"},\"alternateName\":\"Senioren-Union Meschede\",\"potentialAction\":[{\"@type\":\"SearchAction\",\"target\":{\"@type\":\"EntryPoint\",\"urlTemplate\":\"https:\\\/\\\/su-meschede.de\\\/willkommen\\\/?s={search_term_string}\"},\"query-input\":{\"@type\":\"PropertyValueSpecification\",\"valueRequired\":true,\"valueName\":\"search_term_string\"}}],\"inLanguage\":\"de\"},{\"@type\":\"Organization\",\"@id\":\"https:\\\/\\\/su-meschede.de\\\/willkommen\\\/#organization\",\"name\":\"Senioren Union - Stadtverband Meschede\",\"alternateName\":\"Senioren-Union Meschede\",\"url\":\"https:\\\/\\\/su-meschede.de\\\/willkommen\\\/\",\"logo\":{\"@type\":\"ImageObject\",\"inLanguage\":\"de\",\"@id\":\"https:\\\/\\\/su-meschede.de\\\/willkommen\\\/#\\\/schema\\\/logo\\\/image\\\/\",\"url\":\"https:\\\/\\\/su-meschede.de\\\/wp-content\\\/uploads\\\/2023\\\/09\\\/Senioren-Union-LOGO-2023-72dpi-1.jpg\",\"contentUrl\":\"https:\\\/\\\/su-meschede.de\\\/wp-content\\\/uploads\\\/2023\\\/09\\\/Senioren-Union-LOGO-2023-72dpi-1.jpg\",\"width\":666,\"height\":265,\"caption\":\"Senioren Union - Stadtverband Meschede\"},\"image\":{\"@id\":\"https:\\\/\\\/su-meschede.de\\\/willkommen\\\/#\\\/schema\\\/logo\\\/image\\\/\"}}]}<\/script>\n<!-- \/ Yoast SEO plugin. -->","yoast_head_json":{"title":"Senioren helfen Senioren - Senioren Union - Stadtverband Meschede","robots":{"index":"index","follow":"follow","max-snippet":"max-snippet:-1","max-image-preview":"max-image-preview:large","max-video-preview":"max-video-preview:-1"},"canonical":"https:\/\/su-meschede.de\/willkommen\/senioren-helfen-senioren\/","og_locale":"de_DE","og_type":"article","og_title":"Senioren helfen Senioren - Senioren Union - Stadtverband Meschede","og_description":"R\u00fcckblick \u201eSenioren helfen Senioren\u201c Am 20. Februar 2024 waren \u00fcber 20 Teilnehmer zu einer Informationsveranstaltung zu unserer &#8222;Selbsthilfegruppe PC und Smartphone&#8220; gekommen. Diesmal standen zwei Vortr\u00e4ge und Demonstrationen zu den Themen&nbsp; Wie mache ich mir die KI (K\u00fcnstliche Intelligenz) zu nutze Das digitale Zeitungsportal NRW Zeitpunkt.nrw neben nat\u00fcrlich Unterst\u00fctzung bei PC und Handy auf der &hellip;","og_url":"https:\/\/su-meschede.de\/willkommen\/senioren-helfen-senioren\/","og_site_name":"Senioren Union - Stadtverband Meschede","article_modified_time":"2024-05-17T08:16:27+00:00","og_image":[{"url":"https:\/\/su-meschede.de\/wp-content\/uploads\/2022\/09\/Steuer1-300x209.png","type":"","width":"","height":""}],"twitter_card":"summary_large_image","twitter_misc":{"Gesch\u00e4tzte Lesezeit":"5\u00a0Minuten"},"schema":{"@context":"https:\/\/schema.org","@graph":[{"@type":"WebPage","@id":"https:\/\/su-meschede.de\/willkommen\/senioren-helfen-senioren\/","url":"https:\/\/su-meschede.de\/willkommen\/senioren-helfen-senioren\/","name":"Senioren helfen Senioren - Senioren Union - Stadtverband Meschede","isPartOf":{"@id":"https:\/\/su-meschede.de\/willkommen\/#website"},"primaryImageOfPage":{"@id":"https:\/\/su-meschede.de\/willkommen\/senioren-helfen-senioren\/#primaryimage"},"image":{"@id":"https:\/\/su-meschede.de\/willkommen\/senioren-helfen-senioren\/#primaryimage"},"thumbnailUrl":"https:\/\/su-meschede.de\/wp-content\/uploads\/2022\/09\/Steuer1-300x209.png","datePublished":"2022-08-30T16:20:27+00:00","dateModified":"2024-05-17T08:16:27+00:00","breadcrumb":{"@id":"https:\/\/su-meschede.de\/willkommen\/senioren-helfen-senioren\/#breadcrumb"},"inLanguage":"de","potentialAction":[{"@type":"ReadAction","target":["https:\/\/su-meschede.de\/willkommen\/senioren-helfen-senioren\/"]}]},{"@type":"ImageObject","inLanguage":"de","@id":"https:\/\/su-meschede.de\/willkommen\/senioren-helfen-senioren\/#primaryimage","url":"https:\/\/su-meschede.de\/wp-content\/uploads\/2022\/09\/Steuer1-300x209.png","contentUrl":"https:\/\/su-meschede.de\/wp-content\/uploads\/2022\/09\/Steuer1-300x209.png"},{"@type":"BreadcrumbList","@id":"https:\/\/su-meschede.de\/willkommen\/senioren-helfen-senioren\/#breadcrumb","itemListElement":[{"@type":"ListItem","position":1,"name":"Startseite","item":"https:\/\/su-meschede.de\/willkommen\/"},{"@type":"ListItem","position":2,"name":"Senioren helfen Senioren"}]},{"@type":"WebSite","@id":"https:\/\/su-meschede.de\/willkommen\/#website","url":"https:\/\/su-meschede.de\/willkommen\/","name":"Senioren Union - Stadtverband Meschede","description":"Politik f\u00fcr die \u00e4ltere Generation","publisher":{"@id":"https:\/\/su-meschede.de\/willkommen\/#organization"},"alternateName":"Senioren-Union Meschede","potentialAction":[{"@type":"SearchAction","target":{"@type":"EntryPoint","urlTemplate":"https:\/\/su-meschede.de\/willkommen\/?s={search_term_string}"},"query-input":{"@type":"PropertyValueSpecification","valueRequired":true,"valueName":"search_term_string"}}],"inLanguage":"de"},{"@type":"Organization","@id":"https:\/\/su-meschede.de\/willkommen\/#organization","name":"Senioren Union - Stadtverband Meschede","alternateName":"Senioren-Union Meschede","url":"https:\/\/su-meschede.de\/willkommen\/","logo":{"@type":"ImageObject","inLanguage":"de","@id":"https:\/\/su-meschede.de\/willkommen\/#\/schema\/logo\/image\/","url":"https:\/\/su-meschede.de\/wp-content\/uploads\/2023\/09\/Senioren-Union-LOGO-2023-72dpi-1.jpg","contentUrl":"https:\/\/su-meschede.de\/wp-content\/uploads\/2023\/09\/Senioren-Union-LOGO-2023-72dpi-1.jpg","width":666,"height":265,"caption":"Senioren Union - Stadtverband Meschede"},"image":{"@id":"https:\/\/su-meschede.de\/willkommen\/#\/schema\/logo\/image\/"}}]}},"_links":{"self":[{"href":"https:\/\/su-meschede.de\/willkommen\/wp-json\/wp\/v2\/pages\/111","targetHints":{"allow":["GET"]}}],"collection":[{"href":"https:\/\/su-meschede.de\/willkommen\/wp-json\/wp\/v2\/pages"}],"about":[{"href":"https:\/\/su-meschede.de\/willkommen\/wp-json\/wp\/v2\/types\/page"}],"author":[{"embeddable":true,"href":"https:\/\/su-meschede.de\/willkommen\/wp-json\/wp\/v2\/users\/1"}],"replies":[{"embeddable":true,"href":"https:\/\/su-meschede.de\/willkommen\/wp-json\/wp\/v2\/comments?post=111"}],"version-history":[{"count":15,"href":"https:\/\/su-meschede.de\/willkommen\/wp-json\/wp\/v2\/pages\/111\/revisions"}],"predecessor-version":[{"id":591,"href":"https:\/\/su-meschede.de\/willkommen\/wp-json\/wp\/v2\/pages\/111\/revisions\/591"}],"wp:attachment":[{"href":"https:\/\/su-meschede.de\/willkommen\/wp-json\/wp\/v2\/media?parent=111"}],"curies":[{"name":"wp","href":"https:\/\/api.w.org\/{rel}","templated":true}]}}