{"id":113,"date":"2022-08-30T18:21:02","date_gmt":"2022-08-30T16:21:02","guid":{"rendered":"https:\/\/su-meschede.de\/willkommen\/?page_id=113"},"modified":"2025-04-09T19:01:55","modified_gmt":"2025-04-09T17:01:55","slug":"mitmachen","status":"publish","type":"page","link":"https:\/\/su-meschede.de\/willkommen\/mitmachen\/","title":{"rendered":"Mitmachen"},"content":{"rendered":"<p>Wir bieten im Jahr zahlreiche Veranstaltungen. G\u00e4ste sind bei unseren Veranstaltungen immer gerne willkommen. Um mitgestalten zu k\u00f6nnen, sollten Sie jedoch Mitglied der Senioren-Union sein. Sie werden dann automatisch zu Veranstaltungen eingeladen, bestimmen die Themen und die Politik mit.<br \/>\nAuf der Seite &#8222;Mitglied werden&#8220; k\u00f6nnen Sie einen Aufnahmeantrag herunterladen.<\/p>\n<h2>Gutes f\u00fcr Leib und Seele<\/h2>\n<h2><img loading=\"lazy\" decoding=\"async\" class=\"alignnone size-large wp-image-545\" src=\"https:\/\/su-meschede.de\/wp-content\/uploads\/2024\/03\/DSCN3086-1024x768.jpg\" alt=\"\" width=\"925\" height=\"694\" srcset=\"https:\/\/su-meschede.de\/wp-content\/uploads\/2024\/03\/DSCN3086-1024x768.jpg 1024w, https:\/\/su-meschede.de\/wp-content\/uploads\/2024\/03\/DSCN3086-300x225.jpg 300w, https:\/\/su-meschede.de\/wp-content\/uploads\/2024\/03\/DSCN3086-768x576.jpg 768w, https:\/\/su-meschede.de\/wp-content\/uploads\/2024\/03\/DSCN3086-1536x1152.jpg 1536w, https:\/\/su-meschede.de\/wp-content\/uploads\/2024\/03\/DSCN3086-2048x1536.jpg 2048w, https:\/\/su-meschede.de\/wp-content\/uploads\/2024\/03\/DSCN3086-80x60.jpg 80w\" sizes=\"auto, (max-width: 925px) 100vw, 925px\" \/><\/h2>\n<p>Die Gemeinschaftsveranstaltung von Seniorenbeirat der Stadt und Senioren-Union unter dem Titel &#8222;<strong>Gutes f\u00fcr Leib und Seele<\/strong>&#8220; war ein voller Erfolg. Viele Mescheder hatten sich schon auf die <strong>Bilder von Meschede aus vergangener Zeit<\/strong> gefreut. Fast 90 Teilnehmer hatte es in die Abteigastst\u00e4tte gelockt. Damit war die Kapazit\u00e4tsgrenze fast erreicht. Die Bewirtung durch das Team des Cafes war perfekt. Es gibt viel Gespr\u00e4chsstoff, auch \u00fcber die Veranstaltung hinaus und der Wunsch nach einer Fortsetzung wurde laut.&nbsp;<br \/>\nVielen Dank nochmal an Hans-Peter Grumpe (www.hpgrumpe.de) f\u00fcr die Bereitstellung der Bilder.<\/p>\n<p>&nbsp;<\/p>\n<p>Wegen des gro\u00dfen Erfolges haben wir im M\u00e4rz 2025 &#8222;Gutes f\u00fcr Leib und Seele&#8220; mit neuen Bildern und &#8222;D\u00f6nekes&#8220; wiederholt.<\/p>\n<h3><em>&#8222;Gutes f\u00fcr Leib und Seele&#8220;<\/em><\/h3>\n<p>Die Gemeinschaftveranstaltung der Senioren-Union mit dem Seniorenbeirat der Stadt am 26. M\u00e4rz 2025 im &#8222;H1 am Hennesee&#8220; war ein voller Erfolg. 130 G\u00e4ste waren gekommen um <em>&#8222;Gutes f\u00fcr Leib und Seele&#8220;<\/em> zu erleben. Ein unterhaltsamer Nachmittag bei Kaffee und Kuchen. Bei Bildern und Geschichten aus vergangener Zeit wurden Erinnerungen wach und die Veranstaltung wird noch lange Gespr\u00e4chsstoff bieten.<\/p>\n<hr>\n<h2>Europa-Wahlkampf: Senioren-Union vorne dabei<\/h2>\n<p><img loading=\"lazy\" decoding=\"async\" class=\"alignnone size-large wp-image-614\" src=\"https:\/\/su-meschede.de\/wp-content\/uploads\/2024\/05\/10-1024x577.jpeg\" alt=\"\" width=\"925\" height=\"521\" srcset=\"https:\/\/su-meschede.de\/wp-content\/uploads\/2024\/05\/10-1024x577.jpeg 1024w, https:\/\/su-meschede.de\/wp-content\/uploads\/2024\/05\/10-300x169.jpeg 300w, https:\/\/su-meschede.de\/wp-content\/uploads\/2024\/05\/10-768x432.jpeg 768w, https:\/\/su-meschede.de\/wp-content\/uploads\/2024\/05\/10-1536x865.jpeg 1536w, https:\/\/su-meschede.de\/wp-content\/uploads\/2024\/05\/10-107x60.jpeg 107w, https:\/\/su-meschede.de\/wp-content\/uploads\/2024\/05\/10.jpeg 2048w\" sizes=\"auto, (max-width: 925px) 100vw, 925px\" \/><\/p>\n<p>Am Markttag Freitag und an den Samstagen bis zur Europawahl suchen die CDU und der Europa-Abgeordnete und NRW-Spitzenkandidat Dr. Peter Liese wieder das Gespr\u00e4ch mit der Bev\u00f6lkerung. Dazu hatte man am letzten Freitag bei eher schlechtem Wetter einen Stand vor der Walburgakirche aufgebaut. Unterst\u00fctzt wurden sie dabei von der Senioren-Union.<\/p>\n<p><img loading=\"lazy\" decoding=\"async\" class=\"alignnone size-large wp-image-615\" src=\"https:\/\/su-meschede.de\/wp-content\/uploads\/2024\/05\/11-577x1024.jpeg\" alt=\"\" width=\"577\" height=\"1024\" srcset=\"https:\/\/su-meschede.de\/wp-content\/uploads\/2024\/05\/11-577x1024.jpeg 577w, https:\/\/su-meschede.de\/wp-content\/uploads\/2024\/05\/11-169x300.jpeg 169w, https:\/\/su-meschede.de\/wp-content\/uploads\/2024\/05\/11-768x1364.jpeg 768w, https:\/\/su-meschede.de\/wp-content\/uploads\/2024\/05\/11-865x1536.jpeg 865w, https:\/\/su-meschede.de\/wp-content\/uploads\/2024\/05\/11-34x60.jpeg 34w, https:\/\/su-meschede.de\/wp-content\/uploads\/2024\/05\/11.jpeg 1153w\" sizes=\"auto, (max-width: 577px) 100vw, 577px\" \/><img loading=\"lazy\" decoding=\"async\" class=\"alignnone size-large wp-image-617\" src=\"https:\/\/su-meschede.de\/wp-content\/uploads\/2024\/05\/7-577x1024.jpeg\" alt=\"\" width=\"577\" height=\"1024\" srcset=\"https:\/\/su-meschede.de\/wp-content\/uploads\/2024\/05\/7-577x1024.jpeg 577w, https:\/\/su-meschede.de\/wp-content\/uploads\/2024\/05\/7-169x300.jpeg 169w, https:\/\/su-meschede.de\/wp-content\/uploads\/2024\/05\/7-768x1364.jpeg 768w, https:\/\/su-meschede.de\/wp-content\/uploads\/2024\/05\/7-865x1536.jpeg 865w, https:\/\/su-meschede.de\/wp-content\/uploads\/2024\/05\/7-34x60.jpeg 34w, https:\/\/su-meschede.de\/wp-content\/uploads\/2024\/05\/7.jpeg 1153w\" sizes=\"auto, (max-width: 577px) 100vw, 577px\" \/><\/p>\n<p>Trotz des schlechten Wetters hat es Spa\u00df gemacht und es bot sich Gelegenheit beim Bundesvorsitzenden und beim Europa-Abgeordneten unsere Anliegen vorzutragen.<\/p>\n<p>&nbsp;<\/p>\n","protected":false},"excerpt":{"rendered":"<p>Wir bieten im Jahr zahlreiche Veranstaltungen. G\u00e4ste sind bei unseren Veranstaltungen immer gerne willkommen. Um mitgestalten zu k\u00f6nnen, sollten Sie jedoch Mitglied der Senioren-Union sein. Sie werden dann automatisch zu Veranstaltungen eingeladen, bestimmen die Themen und die Politik mit. Auf der Seite &#8222;Mitglied werden&#8220; k\u00f6nnen Sie einen Aufnahmeantrag herunterladen. Gutes f\u00fcr Leib und Seele Die &hellip; <\/p>\n","protected":false},"author":1,"featured_media":0,"parent":0,"menu_order":0,"comment_status":"closed","ping_status":"closed","template":"","meta":{"ngg_post_thumbnail":0,"footnotes":""},"class_list":["post-113","page","type-page","status-publish","hentry"],"yoast_head":"<!-- This site is optimized with the Yoast SEO plugin v27.5 - https:\/\/yoast.com\/product\/yoast-seo-wordpress\/ -->\n<title>Mitmachen - Senioren Union - Stadtverband Meschede<\/title>\n<meta name=\"robots\" content=\"index, follow, max-snippet:-1, max-image-preview:large, max-video-preview:-1\" \/>\n<link rel=\"canonical\" href=\"https:\/\/su-meschede.de\/willkommen\/mitmachen\/\" \/>\n<meta property=\"og:locale\" content=\"de_DE\" \/>\n<meta property=\"og:type\" content=\"article\" \/>\n<meta property=\"og:title\" content=\"Mitmachen - Senioren Union - Stadtverband Meschede\" \/>\n<meta property=\"og:description\" content=\"Wir bieten im Jahr zahlreiche Veranstaltungen. G\u00e4ste sind bei unseren Veranstaltungen immer gerne willkommen. Um mitgestalten zu k\u00f6nnen, sollten Sie jedoch Mitglied der Senioren-Union sein. Sie werden dann automatisch zu Veranstaltungen eingeladen, bestimmen die Themen und die Politik mit. Auf der Seite &#8222;Mitglied werden&#8220; k\u00f6nnen Sie einen Aufnahmeantrag herunterladen. Gutes f\u00fcr Leib und Seele Die &hellip;\" \/>\n<meta property=\"og:url\" content=\"https:\/\/su-meschede.de\/willkommen\/mitmachen\/\" \/>\n<meta property=\"og:site_name\" content=\"Senioren Union - Stadtverband Meschede\" \/>\n<meta property=\"article:modified_time\" content=\"2025-04-09T17:01:55+00:00\" \/>\n<meta property=\"og:image\" content=\"https:\/\/su-meschede.de\/wp-content\/uploads\/2024\/03\/DSCN3086-scaled.jpg\" \/>\n\t<meta property=\"og:image:width\" content=\"2560\" \/>\n\t<meta property=\"og:image:height\" content=\"1920\" \/>\n\t<meta property=\"og:image:type\" content=\"image\/jpeg\" \/>\n<meta name=\"twitter:card\" content=\"summary_large_image\" \/>\n<meta name=\"twitter:label1\" content=\"Gesch\u00e4tzte Lesezeit\" \/>\n\t<meta name=\"twitter:data1\" content=\"3\u00a0Minuten\" \/>\n<script type=\"application\/ld+json\" class=\"yoast-schema-graph\">{\"@context\":\"https:\\\/\\\/schema.org\",\"@graph\":[{\"@type\":\"WebPage\",\"@id\":\"https:\\\/\\\/su-meschede.de\\\/willkommen\\\/mitmachen\\\/\",\"url\":\"https:\\\/\\\/su-meschede.de\\\/willkommen\\\/mitmachen\\\/\",\"name\":\"Mitmachen - Senioren Union - Stadtverband Meschede\",\"isPartOf\":{\"@id\":\"https:\\\/\\\/su-meschede.de\\\/willkommen\\\/#website\"},\"primaryImageOfPage\":{\"@id\":\"https:\\\/\\\/su-meschede.de\\\/willkommen\\\/mitmachen\\\/#primaryimage\"},\"image\":{\"@id\":\"https:\\\/\\\/su-meschede.de\\\/willkommen\\\/mitmachen\\\/#primaryimage\"},\"thumbnailUrl\":\"https:\\\/\\\/su-meschede.de\\\/wp-content\\\/uploads\\\/2024\\\/03\\\/DSCN3086-1024x768.jpg\",\"datePublished\":\"2022-08-30T16:21:02+00:00\",\"dateModified\":\"2025-04-09T17:01:55+00:00\",\"breadcrumb\":{\"@id\":\"https:\\\/\\\/su-meschede.de\\\/willkommen\\\/mitmachen\\\/#breadcrumb\"},\"inLanguage\":\"de\",\"potentialAction\":[{\"@type\":\"ReadAction\",\"target\":[\"https:\\\/\\\/su-meschede.de\\\/willkommen\\\/mitmachen\\\/\"]}]},{\"@type\":\"ImageObject\",\"inLanguage\":\"de\",\"@id\":\"https:\\\/\\\/su-meschede.de\\\/willkommen\\\/mitmachen\\\/#primaryimage\",\"url\":\"https:\\\/\\\/su-meschede.de\\\/wp-content\\\/uploads\\\/2024\\\/03\\\/DSCN3086-1024x768.jpg\",\"contentUrl\":\"https:\\\/\\\/su-meschede.de\\\/wp-content\\\/uploads\\\/2024\\\/03\\\/DSCN3086-1024x768.jpg\"},{\"@type\":\"BreadcrumbList\",\"@id\":\"https:\\\/\\\/su-meschede.de\\\/willkommen\\\/mitmachen\\\/#breadcrumb\",\"itemListElement\":[{\"@type\":\"ListItem\",\"position\":1,\"name\":\"Startseite\",\"item\":\"https:\\\/\\\/su-meschede.de\\\/willkommen\\\/\"},{\"@type\":\"ListItem\",\"position\":2,\"name\":\"Mitmachen\"}]},{\"@type\":\"WebSite\",\"@id\":\"https:\\\/\\\/su-meschede.de\\\/willkommen\\\/#website\",\"url\":\"https:\\\/\\\/su-meschede.de\\\/willkommen\\\/\",\"name\":\"Senioren Union - Stadtverband Meschede\",\"description\":\"Politik f\u00fcr die \u00e4ltere Generation\",\"publisher\":{\"@id\":\"https:\\\/\\\/su-meschede.de\\\/willkommen\\\/#organization\"},\"alternateName\":\"Senioren-Union Meschede\",\"potentialAction\":[{\"@type\":\"SearchAction\",\"target\":{\"@type\":\"EntryPoint\",\"urlTemplate\":\"https:\\\/\\\/su-meschede.de\\\/willkommen\\\/?s={search_term_string}\"},\"query-input\":{\"@type\":\"PropertyValueSpecification\",\"valueRequired\":true,\"valueName\":\"search_term_string\"}}],\"inLanguage\":\"de\"},{\"@type\":\"Organization\",\"@id\":\"https:\\\/\\\/su-meschede.de\\\/willkommen\\\/#organization\",\"name\":\"Senioren Union - Stadtverband Meschede\",\"alternateName\":\"Senioren-Union Meschede\",\"url\":\"https:\\\/\\\/su-meschede.de\\\/willkommen\\\/\",\"logo\":{\"@type\":\"ImageObject\",\"inLanguage\":\"de\",\"@id\":\"https:\\\/\\\/su-meschede.de\\\/willkommen\\\/#\\\/schema\\\/logo\\\/image\\\/\",\"url\":\"https:\\\/\\\/su-meschede.de\\\/wp-content\\\/uploads\\\/2023\\\/09\\\/Senioren-Union-LOGO-2023-72dpi-1.jpg\",\"contentUrl\":\"https:\\\/\\\/su-meschede.de\\\/wp-content\\\/uploads\\\/2023\\\/09\\\/Senioren-Union-LOGO-2023-72dpi-1.jpg\",\"width\":666,\"height\":265,\"caption\":\"Senioren Union - Stadtverband Meschede\"},\"image\":{\"@id\":\"https:\\\/\\\/su-meschede.de\\\/willkommen\\\/#\\\/schema\\\/logo\\\/image\\\/\"}}]}<\/script>\n<!-- \/ Yoast SEO plugin. -->","yoast_head_json":{"title":"Mitmachen - Senioren Union - Stadtverband Meschede","robots":{"index":"index","follow":"follow","max-snippet":"max-snippet:-1","max-image-preview":"max-image-preview:large","max-video-preview":"max-video-preview:-1"},"canonical":"https:\/\/su-meschede.de\/willkommen\/mitmachen\/","og_locale":"de_DE","og_type":"article","og_title":"Mitmachen - Senioren Union - Stadtverband Meschede","og_description":"Wir bieten im Jahr zahlreiche Veranstaltungen. G\u00e4ste sind bei unseren Veranstaltungen immer gerne willkommen. Um mitgestalten zu k\u00f6nnen, sollten Sie jedoch Mitglied der Senioren-Union sein. Sie werden dann automatisch zu Veranstaltungen eingeladen, bestimmen die Themen und die Politik mit. Auf der Seite &#8222;Mitglied werden&#8220; k\u00f6nnen Sie einen Aufnahmeantrag herunterladen. Gutes f\u00fcr Leib und Seele Die &hellip;","og_url":"https:\/\/su-meschede.de\/willkommen\/mitmachen\/","og_site_name":"Senioren Union - Stadtverband Meschede","article_modified_time":"2025-04-09T17:01:55+00:00","og_image":[{"width":2560,"height":1920,"url":"https:\/\/su-meschede.de\/wp-content\/uploads\/2024\/03\/DSCN3086-scaled.jpg","type":"image\/jpeg"}],"twitter_card":"summary_large_image","twitter_misc":{"Gesch\u00e4tzte Lesezeit":"3\u00a0Minuten"},"schema":{"@context":"https:\/\/schema.org","@graph":[{"@type":"WebPage","@id":"https:\/\/su-meschede.de\/willkommen\/mitmachen\/","url":"https:\/\/su-meschede.de\/willkommen\/mitmachen\/","name":"Mitmachen - Senioren Union - Stadtverband Meschede","isPartOf":{"@id":"https:\/\/su-meschede.de\/willkommen\/#website"},"primaryImageOfPage":{"@id":"https:\/\/su-meschede.de\/willkommen\/mitmachen\/#primaryimage"},"image":{"@id":"https:\/\/su-meschede.de\/willkommen\/mitmachen\/#primaryimage"},"thumbnailUrl":"https:\/\/su-meschede.de\/wp-content\/uploads\/2024\/03\/DSCN3086-1024x768.jpg","datePublished":"2022-08-30T16:21:02+00:00","dateModified":"2025-04-09T17:01:55+00:00","breadcrumb":{"@id":"https:\/\/su-meschede.de\/willkommen\/mitmachen\/#breadcrumb"},"inLanguage":"de","potentialAction":[{"@type":"ReadAction","target":["https:\/\/su-meschede.de\/willkommen\/mitmachen\/"]}]},{"@type":"ImageObject","inLanguage":"de","@id":"https:\/\/su-meschede.de\/willkommen\/mitmachen\/#primaryimage","url":"https:\/\/su-meschede.de\/wp-content\/uploads\/2024\/03\/DSCN3086-1024x768.jpg","contentUrl":"https:\/\/su-meschede.de\/wp-content\/uploads\/2024\/03\/DSCN3086-1024x768.jpg"},{"@type":"BreadcrumbList","@id":"https:\/\/su-meschede.de\/willkommen\/mitmachen\/#breadcrumb","itemListElement":[{"@type":"ListItem","position":1,"name":"Startseite","item":"https:\/\/su-meschede.de\/willkommen\/"},{"@type":"ListItem","position":2,"name":"Mitmachen"}]},{"@type":"WebSite","@id":"https:\/\/su-meschede.de\/willkommen\/#website","url":"https:\/\/su-meschede.de\/willkommen\/","name":"Senioren Union - Stadtverband Meschede","description":"Politik f\u00fcr die \u00e4ltere Generation","publisher":{"@id":"https:\/\/su-meschede.de\/willkommen\/#organization"},"alternateName":"Senioren-Union Meschede","potentialAction":[{"@type":"SearchAction","target":{"@type":"EntryPoint","urlTemplate":"https:\/\/su-meschede.de\/willkommen\/?s={search_term_string}"},"query-input":{"@type":"PropertyValueSpecification","valueRequired":true,"valueName":"search_term_string"}}],"inLanguage":"de"},{"@type":"Organization","@id":"https:\/\/su-meschede.de\/willkommen\/#organization","name":"Senioren Union - Stadtverband Meschede","alternateName":"Senioren-Union Meschede","url":"https:\/\/su-meschede.de\/willkommen\/","logo":{"@type":"ImageObject","inLanguage":"de","@id":"https:\/\/su-meschede.de\/willkommen\/#\/schema\/logo\/image\/","url":"https:\/\/su-meschede.de\/wp-content\/uploads\/2023\/09\/Senioren-Union-LOGO-2023-72dpi-1.jpg","contentUrl":"https:\/\/su-meschede.de\/wp-content\/uploads\/2023\/09\/Senioren-Union-LOGO-2023-72dpi-1.jpg","width":666,"height":265,"caption":"Senioren Union - Stadtverband Meschede"},"image":{"@id":"https:\/\/su-meschede.de\/willkommen\/#\/schema\/logo\/image\/"}}]}},"_links":{"self":[{"href":"https:\/\/su-meschede.de\/willkommen\/wp-json\/wp\/v2\/pages\/113","targetHints":{"allow":["GET"]}}],"collection":[{"href":"https:\/\/su-meschede.de\/willkommen\/wp-json\/wp\/v2\/pages"}],"about":[{"href":"https:\/\/su-meschede.de\/willkommen\/wp-json\/wp\/v2\/types\/page"}],"author":[{"embeddable":true,"href":"https:\/\/su-meschede.de\/willkommen\/wp-json\/wp\/v2\/users\/1"}],"replies":[{"embeddable":true,"href":"https:\/\/su-meschede.de\/willkommen\/wp-json\/wp\/v2\/comments?post=113"}],"version-history":[{"count":9,"href":"https:\/\/su-meschede.de\/willkommen\/wp-json\/wp\/v2\/pages\/113\/revisions"}],"predecessor-version":[{"id":782,"href":"https:\/\/su-meschede.de\/willkommen\/wp-json\/wp\/v2\/pages\/113\/revisions\/782"}],"wp:attachment":[{"href":"https:\/\/su-meschede.de\/willkommen\/wp-json\/wp\/v2\/media?parent=113"}],"curies":[{"name":"wp","href":"https:\/\/api.w.org\/{rel}","templated":true}]}}