{"id":2,"date":"2022-05-20T17:18:25","date_gmt":"2022-05-20T15:18:25","guid":{"rendered":"https:\/\/su-meschede.de\/?page_id=2"},"modified":"2026-04-28T16:23:37","modified_gmt":"2026-04-28T14:23:37","slug":"aktuelles","status":"publish","type":"page","link":"https:\/\/su-meschede.de\/willkommen\/aktuelles\/","title":{"rendered":"Aktuelles"},"content":{"rendered":"\r\n<div id=\"main-content\">\r\n<article id=\"node-3598\" class=\"node node--article node--promoted node--full node--article--full\" role=\"article\">\r\n<div class=\"node__content node-content-full content-full\">\r\n<div class=\"text\">\r\n<div class=\"field field-name-body field-type-text-with-summary field-label-hidden field--name-body field--type-text-with-summary field--label-hidden\">\r\n<div class=\"field__items field-items \">\r\n<p>&nbsp;<\/p>\r\n<\/div>\r\n<\/div>\r\n<\/div>\r\n<\/div>\r\n<\/article>\r\n<\/div>\r\n<hr>\r\n<h2>Termine 2026<\/h2>\r\n<p><strong>Diskussions- und Kl\u00f6nnachmittag am <\/strong><strong>07.Mai 2026 um 17 Uhr bei Kotthoff&#8217;s Theo.<\/strong><\/p>\r\n<h3><strong>Ausflug zur Wewelsburg<\/strong><\/h3>\r\n<p>Geplant ist f\u00fcr Mittwoch, den 20. Mai 2026, ein Ausflug zur Wewelsburg. Starten wollen wir mit dem eigenen PKW von Meschede aus, um gegen 14.00 Uhr am Burgcaf\u00e9 zu sein. Dort erwarten uns Kaffee und Kuchen. Um 15.00 Uhr treffen wir uns zum gef\u00fchrten Rundgang durch die historischen R\u00e4ume im ehemaligen SS-Wachgeb\u00e4ude.<a href=\"https:\/\/www.wewelsburg.de\/de\/gedenkstaette-1933-1945\/\" target=\"_blank\" rel=\"noopener\"> Die Dauerausstellung \u201eIdeologie und Terror der SS\u201c<\/a> zeigt die lokale Geschichte der SS in Wewelsburg sowie des dortigen Konzentrationslagers und versucht gleichzeitig eine Gesamtdarstellung der SS.<\/p>\r\n<p><strong>Zu den Kosten!<br><\/strong>Kaffee und Kuchen zahlt jede \/ jeder selbst vor Ort. Der Eintritt ist kostenlos. &nbsp;Die F\u00fchrung kostet 40 Euro und wird auf die Teilnehmerinnen \/ Teilnehmer umgelegt (ca. 2-4 Euro).<\/p>\r\n<p><strong>Anschrift des Museums<br><\/strong>Burgwall 19<br>33142 B\u00fcren-Wewelsburg<\/p>\r\n<p><strong>Anmeldungen<\/strong> bei<br>Heinz Arenh\u00f6vel<br>Telefon 0291 4864<br>Mail fam.arenhoevel@gmx.de<\/p>\r\n<p><strong>Anmeldungen bis zum 14.05.2026<\/strong><br>Es ist beabsichtigt Fahrgemeinschjaften zu bilden!<\/p>\r\n<hr>\r\n<h2><strong>Studienreise 2026 <\/strong><\/h2>\r\n<p><strong>nach K\u00f6ln, Bonn und D\u00fcsseldorf&nbsp; vom <\/strong><strong>15.06. bis 18.06.2026<\/strong><\/p>\r\n<p>Marianne und Heinz Arenh\u00f6vel, unsere Organisatoren der beliebten Studienreisen, planen auch in 2026 eine mehrt\u00e4gige Fahrt und geben hier schon einmal die Rahmendaten bekannt.<\/p>\r\n<p><strong>Informationen zu der geplanten Reise 2026<\/strong><\/p>\r\n<p>Die viert\u00e4gige Reise an den Rhein wird mit der Firma Knipschild, die uns mit einem modernen Komfort-Fernreisebus bef\u00f6rdert, durchgef\u00fchrt. Auf der Hinreise nach K\u00f6ln werden wir den Altenberger Dom besichtigen. Nach der Ankunft in K\u00f6ln und nach der Zimmerbelegung im Hotel findet ein Stadtrundgang statt.&nbsp; Am zweiten Tag ist vormittags eine F\u00fchrung durch den K\u00f6lner Dom geplant. Nachmittags steht ein Besuch beim WDR auf dem Programm. Am dritten Reisetag geht es nach Bonn. Vorgesehen ist ein Rundgang durch die Innenstadt und durch das ehemalige Regierungsviertel. Am Nachmittag sind wir im Haus der Geschichte. Weiterhin werden wir eine F\u00fchrung im Post Tower haben und vom Turm aus einen Blick \u00fcber Bonn genie\u00dfen k\u00f6nnen. Am letzten Reisetag werden wir D\u00fcsseldorf besuchen. Morgens sind wir im Landtag.&nbsp; Matthias Kerkhoff MdL wird uns empfangen und uns durch den Landtag f\u00fchren. Zeit f\u00fcr ein Gespr\u00e4ch mit Herrn Kerkhoff ist nat\u00fcrlich eingeplant. Dann geht es auf die K\u00f6nigsallee, die gro\u00dfe Einkaufsstra\u00dfe von D\u00fcsseldorf. Am sp\u00e4ten Nachmittag fahren wir zur\u00fcck nach Meschede.<\/p>\r\n<p><strong>Zum Preis:<\/strong> &nbsp;&nbsp;&nbsp;&nbsp;&nbsp;<\/p>\r\n<p>Er ist abh\u00e4ngig von der Anzahl der Teilnehmerinnen \/ Teilnehmer:<\/p>\r\n<p>&nbsp;&nbsp;&nbsp;&nbsp;&nbsp;&nbsp;&nbsp;&nbsp;&nbsp;&nbsp;&nbsp; 430,00 \u20ac pro Person im Doppelzimmer ( bei 41 Personen )<br>&nbsp;&nbsp;&nbsp;&nbsp;&nbsp;&nbsp;&nbsp;&nbsp;&nbsp;&nbsp;&nbsp; 120,00 \u20ac zuz\u00fcglich im Einzelzimmer&nbsp;<\/p>\r\n<p><strong>Ibis Hotel K\u00f6ln Centrum<br><\/strong><strong>Neue Weyerstra\u00dfe 5<br><\/strong><strong>50676 K\u00f6ln<\/strong><\/p>\r\n<p><strong>Anmeldungen bei:<br><\/strong>Marianne und Heinz Arenh\u00f6vel<br>Am Hohlweg 26<br>59872 Meschede<br>Telefon 0291 \/ 4864<br>Mail: <a href=\"mailto:fam.arenhoevel@gmx.de\">fam.arenhoevel@gmx.de<\/a><\/p>\r\n<p>&nbsp;<\/p>\r\n<hr>\r\n<p>&nbsp;<\/p>\r\n<p>\r\n\r\n<\/p>\r\n<p>&nbsp;<\/p>\r\n<p><\/p>","protected":false},"excerpt":{"rendered":"<p>&nbsp; Termine 2026 Diskussions- und Kl\u00f6nnachmittag am 07.Mai 2026 um 17 Uhr bei Kotthoff&#8217;s Theo. Ausflug zur Wewelsburg Geplant ist f\u00fcr Mittwoch, den 20. Mai 2026, ein Ausflug zur Wewelsburg. Starten wollen wir mit dem eigenen PKW von Meschede aus, um gegen 14.00 Uhr am Burgcaf\u00e9 zu sein. Dort erwarten uns Kaffee und Kuchen. Um &hellip; <\/p>\n","protected":false},"author":1,"featured_media":0,"parent":0,"menu_order":0,"comment_status":"closed","ping_status":"open","template":"","meta":{"ngg_post_thumbnail":0,"footnotes":""},"class_list":["post-2","page","type-page","status-publish","hentry"],"yoast_head":"<!-- This site is optimized with the Yoast SEO plugin v27.5 - https:\/\/yoast.com\/product\/yoast-seo-wordpress\/ -->\n<title>Aktuelles - Senioren Union - Stadtverband Meschede<\/title>\n<meta name=\"description\" content=\"Aktuelle Informationen, Termine f\u00fcr Senioren in Meschede, Senioren helfen Senioren, Senioren Reisen, Freizeitgestaltung\" \/>\n<meta name=\"robots\" content=\"index, follow, max-snippet:-1, max-image-preview:large, max-video-preview:-1\" \/>\n<link rel=\"canonical\" href=\"https:\/\/su-meschede.de\/willkommen\/aktuelles\/\" \/>\n<meta property=\"og:locale\" content=\"de_DE\" \/>\n<meta property=\"og:type\" content=\"article\" \/>\n<meta property=\"og:title\" content=\"Aktuelles - Senioren Union - Stadtverband Meschede\" \/>\n<meta property=\"og:description\" content=\"Aktuelle Informationen, Termine f\u00fcr Senioren in Meschede, Senioren helfen Senioren, Senioren Reisen, Freizeitgestaltung\" \/>\n<meta property=\"og:url\" content=\"https:\/\/su-meschede.de\/willkommen\/aktuelles\/\" \/>\n<meta property=\"og:site_name\" content=\"Senioren Union - Stadtverband Meschede\" \/>\n<meta property=\"article:modified_time\" content=\"2026-04-28T14:23:37+00:00\" \/>\n<meta name=\"twitter:card\" content=\"summary_large_image\" \/>\n<meta name=\"twitter:label1\" content=\"Gesch\u00e4tzte Lesezeit\" \/>\n\t<meta name=\"twitter:data1\" content=\"3\u00a0Minuten\" \/>\n<script type=\"application\/ld+json\" class=\"yoast-schema-graph\">{\"@context\":\"https:\\\/\\\/schema.org\",\"@graph\":[{\"@type\":\"WebPage\",\"@id\":\"https:\\\/\\\/su-meschede.de\\\/willkommen\\\/aktuelles\\\/\",\"url\":\"https:\\\/\\\/su-meschede.de\\\/willkommen\\\/aktuelles\\\/\",\"name\":\"Aktuelles - Senioren Union - Stadtverband Meschede\",\"isPartOf\":{\"@id\":\"https:\\\/\\\/su-meschede.de\\\/willkommen\\\/#website\"},\"datePublished\":\"2022-05-20T15:18:25+00:00\",\"dateModified\":\"2026-04-28T14:23:37+00:00\",\"description\":\"Aktuelle Informationen, Termine f\u00fcr Senioren in Meschede, Senioren helfen Senioren, Senioren Reisen, Freizeitgestaltung\",\"breadcrumb\":{\"@id\":\"https:\\\/\\\/su-meschede.de\\\/willkommen\\\/aktuelles\\\/#breadcrumb\"},\"inLanguage\":\"de\",\"potentialAction\":[{\"@type\":\"ReadAction\",\"target\":[\"https:\\\/\\\/su-meschede.de\\\/willkommen\\\/aktuelles\\\/\"]}]},{\"@type\":\"BreadcrumbList\",\"@id\":\"https:\\\/\\\/su-meschede.de\\\/willkommen\\\/aktuelles\\\/#breadcrumb\",\"itemListElement\":[{\"@type\":\"ListItem\",\"position\":1,\"name\":\"Startseite\",\"item\":\"https:\\\/\\\/su-meschede.de\\\/willkommen\\\/\"},{\"@type\":\"ListItem\",\"position\":2,\"name\":\"Aktuelles\"}]},{\"@type\":\"WebSite\",\"@id\":\"https:\\\/\\\/su-meschede.de\\\/willkommen\\\/#website\",\"url\":\"https:\\\/\\\/su-meschede.de\\\/willkommen\\\/\",\"name\":\"Senioren Union - Stadtverband Meschede\",\"description\":\"Politik f\u00fcr die \u00e4ltere Generation\",\"publisher\":{\"@id\":\"https:\\\/\\\/su-meschede.de\\\/willkommen\\\/#organization\"},\"alternateName\":\"Senioren-Union Meschede\",\"potentialAction\":[{\"@type\":\"SearchAction\",\"target\":{\"@type\":\"EntryPoint\",\"urlTemplate\":\"https:\\\/\\\/su-meschede.de\\\/willkommen\\\/?s={search_term_string}\"},\"query-input\":{\"@type\":\"PropertyValueSpecification\",\"valueRequired\":true,\"valueName\":\"search_term_string\"}}],\"inLanguage\":\"de\"},{\"@type\":\"Organization\",\"@id\":\"https:\\\/\\\/su-meschede.de\\\/willkommen\\\/#organization\",\"name\":\"Senioren Union - Stadtverband Meschede\",\"alternateName\":\"Senioren-Union Meschede\",\"url\":\"https:\\\/\\\/su-meschede.de\\\/willkommen\\\/\",\"logo\":{\"@type\":\"ImageObject\",\"inLanguage\":\"de\",\"@id\":\"https:\\\/\\\/su-meschede.de\\\/willkommen\\\/#\\\/schema\\\/logo\\\/image\\\/\",\"url\":\"https:\\\/\\\/su-meschede.de\\\/wp-content\\\/uploads\\\/2023\\\/09\\\/Senioren-Union-LOGO-2023-72dpi-1.jpg\",\"contentUrl\":\"https:\\\/\\\/su-meschede.de\\\/wp-content\\\/uploads\\\/2023\\\/09\\\/Senioren-Union-LOGO-2023-72dpi-1.jpg\",\"width\":666,\"height\":265,\"caption\":\"Senioren Union - Stadtverband Meschede\"},\"image\":{\"@id\":\"https:\\\/\\\/su-meschede.de\\\/willkommen\\\/#\\\/schema\\\/logo\\\/image\\\/\"}}]}<\/script>\n<!-- \/ Yoast SEO plugin. -->","yoast_head_json":{"title":"Aktuelles - Senioren Union - Stadtverband Meschede","description":"Aktuelle Informationen, Termine f\u00fcr Senioren in Meschede, Senioren helfen Senioren, Senioren Reisen, Freizeitgestaltung","robots":{"index":"index","follow":"follow","max-snippet":"max-snippet:-1","max-image-preview":"max-image-preview:large","max-video-preview":"max-video-preview:-1"},"canonical":"https:\/\/su-meschede.de\/willkommen\/aktuelles\/","og_locale":"de_DE","og_type":"article","og_title":"Aktuelles - Senioren Union - Stadtverband Meschede","og_description":"Aktuelle Informationen, Termine f\u00fcr Senioren in Meschede, Senioren helfen Senioren, Senioren Reisen, Freizeitgestaltung","og_url":"https:\/\/su-meschede.de\/willkommen\/aktuelles\/","og_site_name":"Senioren Union - Stadtverband Meschede","article_modified_time":"2026-04-28T14:23:37+00:00","twitter_card":"summary_large_image","twitter_misc":{"Gesch\u00e4tzte Lesezeit":"3\u00a0Minuten"},"schema":{"@context":"https:\/\/schema.org","@graph":[{"@type":"WebPage","@id":"https:\/\/su-meschede.de\/willkommen\/aktuelles\/","url":"https:\/\/su-meschede.de\/willkommen\/aktuelles\/","name":"Aktuelles - Senioren Union - Stadtverband Meschede","isPartOf":{"@id":"https:\/\/su-meschede.de\/willkommen\/#website"},"datePublished":"2022-05-20T15:18:25+00:00","dateModified":"2026-04-28T14:23:37+00:00","description":"Aktuelle Informationen, Termine f\u00fcr Senioren in Meschede, Senioren helfen Senioren, Senioren Reisen, Freizeitgestaltung","breadcrumb":{"@id":"https:\/\/su-meschede.de\/willkommen\/aktuelles\/#breadcrumb"},"inLanguage":"de","potentialAction":[{"@type":"ReadAction","target":["https:\/\/su-meschede.de\/willkommen\/aktuelles\/"]}]},{"@type":"BreadcrumbList","@id":"https:\/\/su-meschede.de\/willkommen\/aktuelles\/#breadcrumb","itemListElement":[{"@type":"ListItem","position":1,"name":"Startseite","item":"https:\/\/su-meschede.de\/willkommen\/"},{"@type":"ListItem","position":2,"name":"Aktuelles"}]},{"@type":"WebSite","@id":"https:\/\/su-meschede.de\/willkommen\/#website","url":"https:\/\/su-meschede.de\/willkommen\/","name":"Senioren Union - Stadtverband Meschede","description":"Politik f\u00fcr die \u00e4ltere Generation","publisher":{"@id":"https:\/\/su-meschede.de\/willkommen\/#organization"},"alternateName":"Senioren-Union Meschede","potentialAction":[{"@type":"SearchAction","target":{"@type":"EntryPoint","urlTemplate":"https:\/\/su-meschede.de\/willkommen\/?s={search_term_string}"},"query-input":{"@type":"PropertyValueSpecification","valueRequired":true,"valueName":"search_term_string"}}],"inLanguage":"de"},{"@type":"Organization","@id":"https:\/\/su-meschede.de\/willkommen\/#organization","name":"Senioren Union - Stadtverband Meschede","alternateName":"Senioren-Union Meschede","url":"https:\/\/su-meschede.de\/willkommen\/","logo":{"@type":"ImageObject","inLanguage":"de","@id":"https:\/\/su-meschede.de\/willkommen\/#\/schema\/logo\/image\/","url":"https:\/\/su-meschede.de\/wp-content\/uploads\/2023\/09\/Senioren-Union-LOGO-2023-72dpi-1.jpg","contentUrl":"https:\/\/su-meschede.de\/wp-content\/uploads\/2023\/09\/Senioren-Union-LOGO-2023-72dpi-1.jpg","width":666,"height":265,"caption":"Senioren Union - Stadtverband Meschede"},"image":{"@id":"https:\/\/su-meschede.de\/willkommen\/#\/schema\/logo\/image\/"}}]}},"_links":{"self":[{"href":"https:\/\/su-meschede.de\/willkommen\/wp-json\/wp\/v2\/pages\/2","targetHints":{"allow":["GET"]}}],"collection":[{"href":"https:\/\/su-meschede.de\/willkommen\/wp-json\/wp\/v2\/pages"}],"about":[{"href":"https:\/\/su-meschede.de\/willkommen\/wp-json\/wp\/v2\/types\/page"}],"author":[{"embeddable":true,"href":"https:\/\/su-meschede.de\/willkommen\/wp-json\/wp\/v2\/users\/1"}],"replies":[{"embeddable":true,"href":"https:\/\/su-meschede.de\/willkommen\/wp-json\/wp\/v2\/comments?post=2"}],"version-history":[{"count":263,"href":"https:\/\/su-meschede.de\/willkommen\/wp-json\/wp\/v2\/pages\/2\/revisions"}],"predecessor-version":[{"id":837,"href":"https:\/\/su-meschede.de\/willkommen\/wp-json\/wp\/v2\/pages\/2\/revisions\/837"}],"wp:attachment":[{"href":"https:\/\/su-meschede.de\/willkommen\/wp-json\/wp\/v2\/media?parent=2"}],"curies":[{"name":"wp","href":"https:\/\/api.w.org\/{rel}","templated":true}]}}