{"id":86,"date":"2022-08-30T15:07:20","date_gmt":"2022-08-30T13:07:20","guid":{"rendered":"https:\/\/su-meschede.de\/?page_id=86"},"modified":"2025-10-01T18:49:38","modified_gmt":"2025-10-01T16:49:38","slug":"willkommen","status":"publish","type":"page","link":"https:\/\/su-meschede.de\/willkommen\/","title":{"rendered":"Willkommen"},"content":{"rendered":"\r\n<h1 style=\"text-align: center;\"><strong>Willkom<\/strong><strong>men bei der Senioren-Union Meschede<br><\/strong><\/h1>\r\nngg_shortcode_0_placeholder\r\n<p>Sch\u00f6n, dass Sie uns gefunden haben. Wir sind Menschen \u00fcber 60 Jahre, die gemeinsame konservative Grund\u00fcberzeugungen haben. Konservativ hei\u00dft: das Gute bewahren und Neues wagen.<br>Wir haben Erfahrung gesammelt im Berufsleben und m\u00f6chten unser Umfeld gestalten.<br>Wir treten f\u00fcr die Interessen \u00e4lterer Menschen ein und engagieren uns und nehmen Einfluss auf die Politik.<br>Die Senioren-Union in Meschede ist inzwischen \u00fcber 30 Jahre alt und jung und aktiv geblieben.<br>Um bei uns mitzumachen muss man kein CDU Mitglied sein und auch G\u00e4ste sind immer wieder gerne gesehen.<br>Neben Engangement f\u00fcr Staat und Gesellschaft pflegen wir aber auch die Geselligkeit. Die Senioren-Union organisiert Fahrten und veranstaltet Weiterbildung und gegenseitige Hilfe zu vielen Themen.<br>Schauen Sie unter Aktuelles welche Aktivit\u00e4ten in der n\u00e4chsten Zeit geplant sind.<br>Sie sind herzlich willkommen!<\/p>\r\n\r\n\r\n\r\n\r\n\r\n<p>&nbsp;<\/p>\r\n\r\n\r\n\r\n<p class=\"has-text-align-right\">Bodo Kirtz, Vorsitzender<\/p>\r\n","protected":false},"excerpt":{"rendered":"<p>Willkommen bei der Senioren-Union Meschede Sch\u00f6n, dass Sie uns gefunden haben. Wir sind Menschen \u00fcber 60 Jahre, die gemeinsame konservative Grund\u00fcberzeugungen haben. Konservativ hei\u00dft: das Gute bewahren und Neues wagen.Wir haben Erfahrung gesammelt im Berufsleben und m\u00f6chten unser Umfeld gestalten.Wir treten f\u00fcr die Interessen \u00e4lterer Menschen ein und engagieren uns und nehmen Einfluss auf die &hellip; <\/p>\n","protected":false},"author":1,"featured_media":0,"parent":0,"menu_order":0,"comment_status":"closed","ping_status":"closed","template":"","meta":{"ngg_post_thumbnail":0,"footnotes":""},"class_list":["post-86","page","type-page","status-publish","hentry"],"yoast_head":"<!-- This site is optimized with the Yoast SEO plugin v27.5 - https:\/\/yoast.com\/product\/yoast-seo-wordpress\/ -->\n<title>Willkommen - Senioren Union - Stadtverband Meschede<\/title>\n<meta name=\"robots\" content=\"index, follow, max-snippet:-1, max-image-preview:large, max-video-preview:-1\" \/>\n<link rel=\"canonical\" href=\"https:\/\/su-meschede.de\/willkommen\/\" \/>\n<meta property=\"og:locale\" content=\"de_DE\" \/>\n<meta property=\"og:type\" content=\"article\" \/>\n<meta property=\"og:title\" content=\"Willkommen - Senioren Union - Stadtverband Meschede\" \/>\n<meta property=\"og:description\" content=\"Willkommen bei der Senioren-Union Meschede Sch\u00f6n, dass Sie uns gefunden haben. Wir sind Menschen \u00fcber 60 Jahre, die gemeinsame konservative Grund\u00fcberzeugungen haben. Konservativ hei\u00dft: das Gute bewahren und Neues wagen.Wir haben Erfahrung gesammelt im Berufsleben und m\u00f6chten unser Umfeld gestalten.Wir treten f\u00fcr die Interessen \u00e4lterer Menschen ein und engagieren uns und nehmen Einfluss auf die &hellip;\" \/>\n<meta property=\"og:url\" content=\"https:\/\/su-meschede.de\/willkommen\/\" \/>\n<meta property=\"og:site_name\" content=\"Senioren Union - Stadtverband Meschede\" \/>\n<meta property=\"article:modified_time\" content=\"2025-10-01T16:49:38+00:00\" \/>\n<meta name=\"twitter:card\" content=\"summary_large_image\" \/>\n<meta name=\"twitter:label1\" content=\"Gesch\u00e4tzte Lesezeit\" \/>\n\t<meta name=\"twitter:data1\" content=\"1\u00a0Minute\" \/>\n<script type=\"application\/ld+json\" class=\"yoast-schema-graph\">{\"@context\":\"https:\\\/\\\/schema.org\",\"@graph\":[{\"@type\":\"WebPage\",\"@id\":\"https:\\\/\\\/su-meschede.de\\\/willkommen\\\/\",\"url\":\"https:\\\/\\\/su-meschede.de\\\/willkommen\\\/\",\"name\":\"Willkommen - Senioren Union - Stadtverband Meschede\",\"isPartOf\":{\"@id\":\"https:\\\/\\\/su-meschede.de\\\/willkommen\\\/#website\"},\"datePublished\":\"2022-08-30T13:07:20+00:00\",\"dateModified\":\"2025-10-01T16:49:38+00:00\",\"breadcrumb\":{\"@id\":\"https:\\\/\\\/su-meschede.de\\\/willkommen\\\/#breadcrumb\"},\"inLanguage\":\"de\",\"potentialAction\":[{\"@type\":\"ReadAction\",\"target\":[\"https:\\\/\\\/su-meschede.de\\\/willkommen\\\/\"]}]},{\"@type\":\"BreadcrumbList\",\"@id\":\"https:\\\/\\\/su-meschede.de\\\/willkommen\\\/#breadcrumb\",\"itemListElement\":[{\"@type\":\"ListItem\",\"position\":1,\"name\":\"Startseite\",\"item\":\"https:\\\/\\\/su-meschede.de\\\/willkommen\\\/\"},{\"@type\":\"ListItem\",\"position\":2,\"name\":\"Willkommen\"}]},{\"@type\":\"WebSite\",\"@id\":\"https:\\\/\\\/su-meschede.de\\\/willkommen\\\/#website\",\"url\":\"https:\\\/\\\/su-meschede.de\\\/willkommen\\\/\",\"name\":\"Senioren Union - Stadtverband Meschede\",\"description\":\"Politik f\u00fcr die \u00e4ltere Generation\",\"publisher\":{\"@id\":\"https:\\\/\\\/su-meschede.de\\\/willkommen\\\/#organization\"},\"alternateName\":\"Senioren-Union Meschede\",\"potentialAction\":[{\"@type\":\"SearchAction\",\"target\":{\"@type\":\"EntryPoint\",\"urlTemplate\":\"https:\\\/\\\/su-meschede.de\\\/willkommen\\\/?s={search_term_string}\"},\"query-input\":{\"@type\":\"PropertyValueSpecification\",\"valueRequired\":true,\"valueName\":\"search_term_string\"}}],\"inLanguage\":\"de\"},{\"@type\":\"Organization\",\"@id\":\"https:\\\/\\\/su-meschede.de\\\/willkommen\\\/#organization\",\"name\":\"Senioren Union - Stadtverband Meschede\",\"alternateName\":\"Senioren-Union Meschede\",\"url\":\"https:\\\/\\\/su-meschede.de\\\/willkommen\\\/\",\"logo\":{\"@type\":\"ImageObject\",\"inLanguage\":\"de\",\"@id\":\"https:\\\/\\\/su-meschede.de\\\/willkommen\\\/#\\\/schema\\\/logo\\\/image\\\/\",\"url\":\"https:\\\/\\\/su-meschede.de\\\/wp-content\\\/uploads\\\/2023\\\/09\\\/Senioren-Union-LOGO-2023-72dpi-1.jpg\",\"contentUrl\":\"https:\\\/\\\/su-meschede.de\\\/wp-content\\\/uploads\\\/2023\\\/09\\\/Senioren-Union-LOGO-2023-72dpi-1.jpg\",\"width\":666,\"height\":265,\"caption\":\"Senioren Union - Stadtverband Meschede\"},\"image\":{\"@id\":\"https:\\\/\\\/su-meschede.de\\\/willkommen\\\/#\\\/schema\\\/logo\\\/image\\\/\"}}]}<\/script>\n<!-- \/ Yoast SEO plugin. -->","yoast_head_json":{"title":"Willkommen - Senioren Union - Stadtverband Meschede","robots":{"index":"index","follow":"follow","max-snippet":"max-snippet:-1","max-image-preview":"max-image-preview:large","max-video-preview":"max-video-preview:-1"},"canonical":"https:\/\/su-meschede.de\/willkommen\/","og_locale":"de_DE","og_type":"article","og_title":"Willkommen - Senioren Union - Stadtverband Meschede","og_description":"Willkommen bei der Senioren-Union Meschede Sch\u00f6n, dass Sie uns gefunden haben. Wir sind Menschen \u00fcber 60 Jahre, die gemeinsame konservative Grund\u00fcberzeugungen haben. Konservativ hei\u00dft: das Gute bewahren und Neues wagen.Wir haben Erfahrung gesammelt im Berufsleben und m\u00f6chten unser Umfeld gestalten.Wir treten f\u00fcr die Interessen \u00e4lterer Menschen ein und engagieren uns und nehmen Einfluss auf die &hellip;","og_url":"https:\/\/su-meschede.de\/willkommen\/","og_site_name":"Senioren Union - Stadtverband Meschede","article_modified_time":"2025-10-01T16:49:38+00:00","twitter_card":"summary_large_image","twitter_misc":{"Gesch\u00e4tzte Lesezeit":"1\u00a0Minute"},"schema":{"@context":"https:\/\/schema.org","@graph":[{"@type":"WebPage","@id":"https:\/\/su-meschede.de\/willkommen\/","url":"https:\/\/su-meschede.de\/willkommen\/","name":"Willkommen - Senioren Union - Stadtverband Meschede","isPartOf":{"@id":"https:\/\/su-meschede.de\/willkommen\/#website"},"datePublished":"2022-08-30T13:07:20+00:00","dateModified":"2025-10-01T16:49:38+00:00","breadcrumb":{"@id":"https:\/\/su-meschede.de\/willkommen\/#breadcrumb"},"inLanguage":"de","potentialAction":[{"@type":"ReadAction","target":["https:\/\/su-meschede.de\/willkommen\/"]}]},{"@type":"BreadcrumbList","@id":"https:\/\/su-meschede.de\/willkommen\/#breadcrumb","itemListElement":[{"@type":"ListItem","position":1,"name":"Startseite","item":"https:\/\/su-meschede.de\/willkommen\/"},{"@type":"ListItem","position":2,"name":"Willkommen"}]},{"@type":"WebSite","@id":"https:\/\/su-meschede.de\/willkommen\/#website","url":"https:\/\/su-meschede.de\/willkommen\/","name":"Senioren Union - Stadtverband Meschede","description":"Politik f\u00fcr die \u00e4ltere Generation","publisher":{"@id":"https:\/\/su-meschede.de\/willkommen\/#organization"},"alternateName":"Senioren-Union Meschede","potentialAction":[{"@type":"SearchAction","target":{"@type":"EntryPoint","urlTemplate":"https:\/\/su-meschede.de\/willkommen\/?s={search_term_string}"},"query-input":{"@type":"PropertyValueSpecification","valueRequired":true,"valueName":"search_term_string"}}],"inLanguage":"de"},{"@type":"Organization","@id":"https:\/\/su-meschede.de\/willkommen\/#organization","name":"Senioren Union - Stadtverband Meschede","alternateName":"Senioren-Union Meschede","url":"https:\/\/su-meschede.de\/willkommen\/","logo":{"@type":"ImageObject","inLanguage":"de","@id":"https:\/\/su-meschede.de\/willkommen\/#\/schema\/logo\/image\/","url":"https:\/\/su-meschede.de\/wp-content\/uploads\/2023\/09\/Senioren-Union-LOGO-2023-72dpi-1.jpg","contentUrl":"https:\/\/su-meschede.de\/wp-content\/uploads\/2023\/09\/Senioren-Union-LOGO-2023-72dpi-1.jpg","width":666,"height":265,"caption":"Senioren Union - Stadtverband Meschede"},"image":{"@id":"https:\/\/su-meschede.de\/willkommen\/#\/schema\/logo\/image\/"}}]}},"_links":{"self":[{"href":"https:\/\/su-meschede.de\/willkommen\/wp-json\/wp\/v2\/pages\/86","targetHints":{"allow":["GET"]}}],"collection":[{"href":"https:\/\/su-meschede.de\/willkommen\/wp-json\/wp\/v2\/pages"}],"about":[{"href":"https:\/\/su-meschede.de\/willkommen\/wp-json\/wp\/v2\/types\/page"}],"author":[{"embeddable":true,"href":"https:\/\/su-meschede.de\/willkommen\/wp-json\/wp\/v2\/users\/1"}],"replies":[{"embeddable":true,"href":"https:\/\/su-meschede.de\/willkommen\/wp-json\/wp\/v2\/comments?post=86"}],"version-history":[{"count":35,"href":"https:\/\/su-meschede.de\/willkommen\/wp-json\/wp\/v2\/pages\/86\/revisions"}],"predecessor-version":[{"id":820,"href":"https:\/\/su-meschede.de\/willkommen\/wp-json\/wp\/v2\/pages\/86\/revisions\/820"}],"wp:attachment":[{"href":"https:\/\/su-meschede.de\/willkommen\/wp-json\/wp\/v2\/media?parent=86"}],"curies":[{"name":"wp","href":"https:\/\/api.w.org\/{rel}","templated":true}]}}